{"id":1655,"date":"2023-06-29T10:17:53","date_gmt":"2023-06-29T08:17:53","guid":{"rendered":"https:\/\/lisah-sidev.supagro.inra.fr\/lisah\/?page_id=1655"},"modified":"2024-01-08T10:45:13","modified_gmt":"2024-01-08T09:45:13","slug":"mentions-legales","status":"publish","type":"page","link":"https:\/\/www.umr-lisah.fr\/fr\/mentions-legales\/","title":{"rendered":"Mentions l\u00e9gales"},"content":{"rendered":"\t\t<div data-elementor-type=\"wp-page\" data-elementor-id=\"1655\" class=\"elementor elementor-1655\" data-elementor-post-type=\"page\">\n\t\t\t\t\t\t<section class=\"elementor-section elementor-top-section elementor-element elementor-element-b140c55 elementor-section-boxed elementor-section-height-default elementor-section-height-default\" data-id=\"b140c55\" data-element_type=\"section\" data-e-type=\"section\">\n\t\t\t\t\t\t<div class=\"elementor-container elementor-column-gap-default\">\n\t\t\t\t\t<div class=\"elementor-column elementor-col-100 elementor-top-column elementor-element elementor-element-5fbea51\" data-id=\"5fbea51\" data-element_type=\"column\" data-e-type=\"column\">\n\t\t\t<div class=\"elementor-widget-wrap elementor-element-populated\">\n\t\t\t\t\t\t<div class=\"elementor-element elementor-element-faddf30 underlined elementor-widget elementor-widget-heading\" data-id=\"faddf30\" data-element_type=\"widget\" data-e-type=\"widget\" data-widget_type=\"heading.default\">\n\t\t\t\t<div class=\"elementor-widget-container\">\n\t\t\t\t\t<h1 class=\"elementor-heading-title elementor-size-default\">Mentions l\u00e9gales<\/h1>\t\t\t\t<\/div>\n\t\t\t\t<\/div>\n\t\t\t\t<div class=\"elementor-element elementor-element-429bace elementor-widget elementor-widget-text-editor\" data-id=\"429bace\" data-element_type=\"widget\" data-e-type=\"widget\" data-widget_type=\"text-editor.default\">\n\t\t\t\t<div class=\"elementor-widget-container\">\n\t\t\t\t\t\t\t\t\t<p><u style=\"font-style: inherit; font-weight: inherit; color: var( --e-global-color-text ); background-color: var(--ast-global-color-4);\"><strong>Cr\u00e9dits<\/strong><\/u><br><\/p>\n<p><strong>Directeur de publication<\/strong>&nbsp;:&nbsp;Jean-St\u00e9phane BAILLY, directeur de l&rsquo;UMR LISAH<br><strong>Conception du site :&nbsp;<\/strong>Damien BACHELIER<br><strong style=\"font-size: 16px;\">Administration du site<\/strong><span style=\"font-size: 16px;\"> : Arnaud DUBREUIL<\/span><\/p>\n<p>Ce site utilise le syst\u00e8me de gestion de contenu WordPress libre et open source, publi\u00e9 sous la licence publique g\u00e9n\u00e9rale GNU, disponible sur le site officiel <a href=\"http:\/\/wordpress.org\">wordpress.org<\/a>.<\/p>\n<p><u><strong>H\u00e9bergement du site<\/strong><\/u><\/p>\n<p><u style=\"font-style: inherit; font-weight: inherit; color: var( --e-global-color-text ); background-color: var(--ast-global-color-4);\"><strong>Mentions L\u00e9gales<\/strong><\/u><span style=\"font-style: inherit; font-weight: inherit; color: var( --e-global-color-text ); background-color: var(--ast-global-color-4);\">&nbsp;\/&nbsp;<\/span><u style=\"font-style: inherit; font-weight: inherit; color: var( --e-global-color-text ); background-color: var(--ast-global-color-4);\"><strong>Droits et devoirs des utilisateurs<\/strong><\/u><br><\/p>\n<p><strong>Les informations diffus\u00e9es sur le site du LISAH sont la propri\u00e9t\u00e9 du LISAH<\/strong>. Toute copie totale ou partielle ne peut se faire sans son accord<\/p>\n<p>Il appartient aux utilisateurs de faire un usage conforme aux r\u00e9glementations en vigueur et aux recommandations de la Commission nationale de l&rsquo;informatique et des libert\u00e9s (Cnil) des donn\u00e9es ayant un caract\u00e8re nominatif.<\/p>\n<p>Les informations ne doivent \u00eatre utilis\u00e9es qu&rsquo;\u00e0 des fins strictement professionnelles, les captures d&rsquo;\u00e9crans pour reconstitution ou enrichissement d&rsquo;une base de donn\u00e9es nominatives est contraire \u00e0 la loi fran\u00e7aise et donc interdite, ainsi que l&rsquo;utilisation \u00e0 des fins commerciales ou publicitaires.<\/p>\n<p>La mise en place de liens hypertextes par des tiers vers des pages ou des documents diffus\u00e9s sur le site du LISAH, est autoris\u00e9e sous r\u00e9serve que les liens ne contreviennent pas aux int\u00e9r\u00eats du LISAH, et, qu&rsquo;ils garantissent la possibilit\u00e9 pour l&rsquo;utilisateur d&rsquo;identifier l&rsquo;origine et l&rsquo;auteur du document.<\/p><p style=\"font-size: 16px; font-style: normal; font-weight: 400;\">Le site et toutes ses donn\u00e9es sont h\u00e9berg\u00e9s au sein du datacenter INRAE de Toulouse (UE).<\/p>\n<p><b>Cr\u00e9dits photos et illustrations<br><\/b>Tous droits de reproduction r\u00e9serv\u00e9s, en France comme \u00e0 l&rsquo;\u00e9tranger. Les photos diffus\u00e9es sur ce site sont la propri\u00e9t\u00e9 de l&rsquo;\u00e9diteur ou sont utilis\u00e9es avec l&rsquo;accord de leurs auteurs dans le cadre strict de ce site.<\/p>\n<p>Textes l\u00e9gaux (sur le site web de la&nbsp;<a href=\"http:\/\/www.cnil.fr\/\" target=\"_blank\" rel=\"noopener\">Cnil<\/a>)<\/p>\n<p><strong>UMR LISAH&nbsp;<\/strong>&#8211; INRAE-IRD-Institut Agro Montpellier &#8211; AgroParistech &#8211; 2 place Pierre Viala &#8211; 34060 Montpellier cedex 1 &#8211; France<br>Tel : +33 (0)4 99 61 22 61 \/ +33 (0)4 99 61 24 03 \/ Fax : +33 (0)4 67 63 26 14<br>URL : https:\/\/www.umr-lisah.fr<\/p>\t\t\t\t\t\t\t\t<\/div>\n\t\t\t\t<\/div>\n\t\t\t\t\t<\/div>\n\t\t<\/div>\n\t\t\t\t\t<\/div>\n\t\t<\/section>\n\t\t\t\t<\/div>\n\t\t","protected":false},"excerpt":{"rendered":"<p>Mentions l\u00e9gales Cr\u00e9dits Directeur de publication&nbsp;:&nbsp;Jean-St\u00e9phane BAILLY, directeur de l&rsquo;UMR LISAHConception du site :&nbsp;Damien BACHELIERAdministration du site : Arnaud DUBREUIL Ce site utilise le syst\u00e8me de gestion de contenu WordPress libre et open source, publi\u00e9 sous la licence publique g\u00e9n\u00e9rale GNU, disponible sur le site officiel wordpress.org. H\u00e9bergement du site Mentions L\u00e9gales&nbsp;\/&nbsp;Droits et devoirs des [&hellip;]<\/p>\n","protected":false},"author":1,"featured_media":0,"parent":0,"menu_order":0,"comment_status":"closed","ping_status":"closed","template":"","meta":{"_acf_changed":false,"site-sidebar-layout":"no-sidebar","site-content-layout":"page-builder","ast-site-content-layout":"default","site-content-style":"default","site-sidebar-style":"default","ast-global-header-display":"","ast-banner-title-visibility":"","ast-main-header-display":"","ast-hfb-above-header-display":"","ast-hfb-below-header-display":"","ast-hfb-mobile-header-display":"","site-post-title":"disabled","ast-breadcrumbs-content":"","ast-featured-img":"disabled","footer-sml-layout":"","ast-disable-related-posts":"","theme-transparent-header-meta":"default","adv-header-id-meta":"","stick-header-meta":"","header-above-stick-meta":"","header-main-stick-meta":"","header-below-stick-meta":"","astra-migrate-meta-layouts":"default","ast-page-background-enabled":"default","ast-page-background-meta":{"desktop":{"background-color":"","background-image":"","background-repeat":"repeat","background-position":"center center","background-size":"auto","background-attachment":"scroll","background-type":"","background-media":"","overlay-type":"","overlay-color":"","overlay-opacity":"","overlay-gradient":""},"tablet":{"background-color":"","background-image":"","background-repeat":"repeat","background-position":"center center","background-size":"auto","background-attachment":"scroll","background-type":"","background-media":"","overlay-type":"","overlay-color":"","overlay-opacity":"","overlay-gradient":""},"mobile":{"background-color":"","background-image":"","background-repeat":"repeat","background-position":"center center","background-size":"auto","background-attachment":"scroll","background-type":"","background-media":"","overlay-type":"","overlay-color":"","overlay-opacity":"","overlay-gradient":""}},"ast-content-background-meta":{"desktop":{"background-color":"var(--ast-global-color-5)","background-image":"","background-repeat":"repeat","background-position":"center center","background-size":"auto","background-attachment":"scroll","background-type":"","background-media":"","overlay-type":"","overlay-color":"","overlay-opacity":"","overlay-gradient":""},"tablet":{"background-color":"var(--ast-global-color-5)","background-image":"","background-repeat":"repeat","background-position":"center center","background-size":"auto","background-attachment":"scroll","background-type":"","background-media":"","overlay-type":"","overlay-color":"","overlay-opacity":"","overlay-gradient":""},"mobile":{"background-color":"var(--ast-global-color-5)","background-image":"","background-repeat":"repeat","background-position":"center center","background-size":"auto","background-attachment":"scroll","background-type":"","background-media":"","overlay-type":"","overlay-color":"","overlay-opacity":"","overlay-gradient":""}},"footnotes":""},"class_list":["post-1655","page","type-page","status-publish","hentry"],"acf":[],"_links":{"self":[{"href":"https:\/\/www.umr-lisah.fr\/fr\/wp-json\/wp\/v2\/pages\/1655","targetHints":{"allow":["GET"]}}],"collection":[{"href":"https:\/\/www.umr-lisah.fr\/fr\/wp-json\/wp\/v2\/pages"}],"about":[{"href":"https:\/\/www.umr-lisah.fr\/fr\/wp-json\/wp\/v2\/types\/page"}],"author":[{"embeddable":true,"href":"https:\/\/www.umr-lisah.fr\/fr\/wp-json\/wp\/v2\/users\/1"}],"replies":[{"embeddable":true,"href":"https:\/\/www.umr-lisah.fr\/fr\/wp-json\/wp\/v2\/comments?post=1655"}],"version-history":[{"count":9,"href":"https:\/\/www.umr-lisah.fr\/fr\/wp-json\/wp\/v2\/pages\/1655\/revisions"}],"predecessor-version":[{"id":2329,"href":"https:\/\/www.umr-lisah.fr\/fr\/wp-json\/wp\/v2\/pages\/1655\/revisions\/2329"}],"wp:attachment":[{"href":"https:\/\/www.umr-lisah.fr\/fr\/wp-json\/wp\/v2\/media?parent=1655"}],"curies":[{"name":"wp","href":"https:\/\/api.w.org\/{rel}","templated":true}]}}