{"id":518,"date":"2023-05-22T12:05:34","date_gmt":"2023-05-22T10:05:34","guid":{"rendered":"https:\/\/lisah-sidev.supagro.inra.fr\/lisah\/?page_id=518"},"modified":"2023-10-16T17:55:49","modified_gmt":"2023-10-16T15:55:49","slug":"formations","status":"publish","type":"page","link":"https:\/\/www.umr-lisah.fr\/fr\/formations\/","title":{"rendered":"Formations"},"content":{"rendered":"\t\t<div data-elementor-type=\"wp-page\" data-elementor-id=\"518\" class=\"elementor elementor-518\" data-elementor-post-type=\"page\">\n\t\t\t\t\t\t<section class=\"elementor-section elementor-top-section elementor-element elementor-element-e80388e elementor-section-boxed elementor-section-height-default elementor-section-height-default\" data-id=\"e80388e\" data-element_type=\"section\" data-e-type=\"section\">\n\t\t\t\t\t\t<div class=\"elementor-container elementor-column-gap-default\">\n\t\t\t\t\t<div class=\"elementor-column elementor-col-100 elementor-top-column elementor-element elementor-element-388b42c\" data-id=\"388b42c\" data-element_type=\"column\" data-e-type=\"column\">\n\t\t\t<div class=\"elementor-widget-wrap elementor-element-populated\">\n\t\t\t\t\t\t<div class=\"elementor-element elementor-element-779315c underlined elementor-widget elementor-widget-heading\" data-id=\"779315c\" data-element_type=\"widget\" data-e-type=\"widget\" data-widget_type=\"heading.default\">\n\t\t\t\t<div class=\"elementor-widget-container\">\n\t\t\t\t\t<h1 class=\"elementor-heading-title elementor-size-default\">Formations<\/h1>\t\t\t\t<\/div>\n\t\t\t\t<\/div>\n\t\t\t\t<div class=\"elementor-element elementor-element-aad34ed elementor--h-position-center elementor--v-position-middle elementor-arrows-position-inside elementor-pagination-position-inside elementor-widget elementor-widget-slides\" data-id=\"aad34ed\" data-element_type=\"widget\" data-e-type=\"widget\" data-settings=\"{&quot;navigation&quot;:&quot;both&quot;,&quot;autoplay&quot;:&quot;yes&quot;,&quot;pause_on_hover&quot;:&quot;yes&quot;,&quot;pause_on_interaction&quot;:&quot;yes&quot;,&quot;autoplay_speed&quot;:5000,&quot;infinite&quot;:&quot;yes&quot;,&quot;transition&quot;:&quot;slide&quot;,&quot;transition_speed&quot;:500}\" data-widget_type=\"slides.default\">\n\t\t\t\t<div class=\"elementor-widget-container\">\n\t\t\t\t\t\t\t\t\t<div class=\"elementor-swiper\">\n\t\t\t\t\t<div class=\"elementor-slides-wrapper elementor-main-swiper swiper\" role=\"region\" aria-roledescription=\"carousel\" aria-label=\"Diapositives\" dir=\"ltr\" data-animation=\"fadeInUp\">\n\t\t\t\t<div class=\"swiper-wrapper elementor-slides\">\n\t\t\t\t\t\t\t\t\t\t<div class=\"elementor-repeater-item-f9872c4 swiper-slide\" role=\"group\" aria-roledescription=\"slide\"><div class=\"swiper-slide-bg\" role=\"img\"><\/div><div class=\"swiper-slide-inner\" ><div class=\"swiper-slide-contents\"><div class=\"elementor-slide-heading\">Observations p\u00e9dologiques<\/div><div class=\"elementor-slide-description\">H\u00e9rault - 2015<\/div><\/div><\/div><\/div><div class=\"elementor-repeater-item-38cf02d swiper-slide\" role=\"group\" aria-roledescription=\"slide\"><div class=\"swiper-slide-bg\" role=\"img\"><\/div><div class=\"elementor-background-overlay\"><\/div><div class=\"swiper-slide-inner\" ><div class=\"swiper-slide-contents\"><div class=\"elementor-slide-heading\">Camp terrain exp\u00e9rimental<\/div><div class=\"elementor-slide-description\">Provence - 2015<\/div><\/div><\/div><\/div><div class=\"elementor-repeater-item-e3396e4 swiper-slide\" role=\"group\" aria-roledescription=\"slide\"><div class=\"swiper-slide-bg\" role=\"img\"><\/div><div class=\"swiper-slide-inner\" ><div class=\"swiper-slide-contents\"><div class=\"elementor-slide-heading\">Ecole de terrain Internationale<\/div><div class=\"elementor-slide-description\">Tunisie 2023<\/div><\/div><\/div><\/div><div class=\"elementor-repeater-item-d9d7c29 swiper-slide\" role=\"group\" aria-roledescription=\"slide\"><div class=\"swiper-slide-bg\" role=\"img\"><\/div><div class=\"swiper-slide-inner\" ><div class=\"swiper-slide-contents\"><div class=\"elementor-slide-heading\">Mesures agro-hydrologiques<\/div><div class=\"elementor-slide-description\">Provence 2013<\/div><\/div><\/div><\/div>\t\t\t\t<\/div>\n\t\t\t\t\t\t\t\t\t\t\t\t\t\t\t<div class=\"elementor-swiper-button elementor-swiper-button-prev\" role=\"button\" tabindex=\"0\" aria-label=\"Diapositive pr\u00e9c\u00e9dente\">\n\t\t\t\t\t\t\t<i aria-hidden=\"true\" class=\"eicon-chevron-left\"><\/i>\t\t\t\t\t\t<\/div>\n\t\t\t\t\t\t<div class=\"elementor-swiper-button elementor-swiper-button-next\" role=\"button\" tabindex=\"0\" aria-label=\"Diapositive suivante\">\n\t\t\t\t\t\t\t<i aria-hidden=\"true\" class=\"eicon-chevron-right\"><\/i>\t\t\t\t\t\t<\/div>\n\t\t\t\t\t\t\t\t\t\t\t\t\t\t\t\t<div class=\"swiper-pagination\"><\/div>\n\t\t\t\t\t\t\t\t\t\t\t\t<\/div>\n\t\t\t\t<\/div>\n\t\t\t\t\t\t\t\t<\/div>\n\t\t\t\t<\/div>\n\t\t\t\t<div class=\"elementor-element elementor-element-863d72e elementor-widget elementor-widget-text-editor\" data-id=\"863d72e\" data-element_type=\"widget\" data-e-type=\"widget\" data-widget_type=\"text-editor.default\">\n\t\t\t\t<div class=\"elementor-widget-container\">\n\t\t\t\t\t\t\t\t\t<p><b>Les activit\u00e9s de formation sont \u00e9galement au coeur du projet de l&rsquo;UMR LISAH<\/b>, au travers de son rattachement \u00e0 l&rsquo;Insitut Agro &#8211; Montpellier et AgroParisTech, en partenariat avec l&rsquo;Universit\u00e9 de Montpellier &#8211; UM.<\/p>\n<p>L&rsquo;implication du LISAH dans ce domaine se fait selon quatre modalit\u00e9s d&rsquo;actions:<\/p>\n<ul>\n<li>la formation par et pour la recherche d&rsquo;\u00e9tudiants au niveau graduate (Master et Ing\u00e9nieurs) et post-graduate (Doctorat)<\/li>\n<li>la responsabilit\u00e9 et la pilotage de programmes et projets de formation nationaux ou \u00e0 l&rsquo;international<\/li>\n<li>des enseignements et interventions dans diff\u00e9rents programmes, incluant les programmes doctoraux (modules doctoraux, r\u00e9f\u00e9rents, membres de bureaux d&rsquo;\u00e9coles doctorale) et les \u00e9coles de terrain au Sud<\/li>\n<li>Le montage de formations continues et \u00e9coles ponctuelles (\u00e9coles chercheurs) pour le renforcement de capacit\u00e9s de nos partenaires<\/li>\n<\/ul>\n<p>Le LISAH est \u00e9quipe d&rsquo;accueil de l&rsquo;Ecole Doctorale <a href=\"https:\/\/gaia.umontpellier.fr\/\">GAIA<\/a> N\u00b0584&nbsp; de Montpellier, rattach\u00e9 \u00e0 la fili\u00e8re \u00ab Science de la Terre et de l&rsquo;Eau \u00bb (STE) de GAIA couvrant les sp\u00e9cialit\u00e9s G\u00e9osciences et Hydrosciences. Le LISAH accueille des doctorants et post-doctorants, dont une majorit\u00e9 provient des pays du Sud.<\/p>\n<p><span style=\"font-style: inherit; font-weight: inherit; color: var( --e-global-color-text ); background-color: var(--ast-global-color-4);\">Le LISAH a une implication importante dans les formations initiales suivantes (responsabilit\u00e9 de formation et d&rsquo;unit\u00e9s d&rsquo;enseignement) :<\/span><\/p>\n<ul>\n<li><a href=\"https:\/\/www.master-eau.fr\/eau-et-agriculture\">Master Eau et Agriculture <\/a>au sein de la mention de Master Sciences&nbsp; de l&rsquo;eau<\/li>\n<li><a href=\"https:\/\/www.institut-agro-montpellier.fr\/formations\/catalogue-des-formations\/recherche-d-une-formation\/parcours-sol#:~:text=Le%20parcours%20SOL%20forme%20des,de%20la%20gestion%20des%20sols.\">Master Sol <\/a>au sein de la mention de Master international \u00ab Sciences et technologies de l&rsquo;agriculture, de l&rsquo;alimentation et de l&rsquo;environnement \u00bb (Master 3A)<\/li>\n<li>Master AWARE (Earth and Water under Global Change) au sein du programme gradu\u00e9&nbsp;<a href=\"https:\/\/idil.edu.umontpellier.fr\/\">IDIL<\/a><\/li>\n<li>Sp\u00e9cialit\u00e9 d&rsquo;Ing\u00e9nieur Agronome&nbsp; en&nbsp; Biodiversit\u00e9 &#8211; Eau &#8211; Sol &#8211; Climat &#8211; Evaluation environnementale<a href=\"https:\/\/www.institut-agro-montpellier.fr\/formations\/catalogue-des-formations\/recherche-d-une-formation\/option-eau-sols-environnement\"> (BESTE)<\/a>&nbsp;&#8211; Institut Agro Montpellier<\/li>\n<li>S<span style=\"background-color: #f4f6f4;\">p\u00e9cialit\u00e9 d&rsquo;Ing\u00e9nieur Agronome&nbsp; dans le domaine de l&rsquo;Eau&nbsp; (<a href=\"https:\/\/www.agroparistech.fr\/formations-ingenieur\/3a-3e-annee-ingenieur-dominante-gestion-interactions-eau-agriculture-face-aux-changements-globaux\">GEAC<\/a>)<\/span>&nbsp;&#8211; AgroParisTech<\/li>\n<li style=\"font-size: 16px;\">Formation d&rsquo;ing\u00e9nieurs&nbsp;<a href=\"https:\/\/www.institut-agro-montpellier.fr\/formations\/catalogue-des-formations\/recherche-d-une-formation\/ingenieur-saads\">SAADS<\/a> (Syst\u00e8mes Agricoles et Agro-alimentaires Durables pour le Sud)&nbsp; &#8211; Institut Agro Montpellier<\/li>\n<\/ul>\n<div>A l&rsquo;international, le LISAH intervient \u00e9galement dans les formations de nos partenaires au Sud (e.g. Ecoles de terrain INAT, Licence Internationale &lsquo;Eau et Environnement&rsquo; de l&rsquo;ISSTE).<\/div>\n<div>&nbsp;<\/div>\n<p><b>Les enseignements dispens\u00e9s portent essentiellement sur l&rsquo;hydrologie, l&rsquo;\u00e9co-hydrologie, la science du sol, l&rsquo;agronomie des territoires et la mod\u00e9lisation spatiale.<\/b><\/p>\n<p><b>&nbsp;<\/b><\/p>\t\t\t\t\t\t\t\t<\/div>\n\t\t\t\t<\/div>\n\t\t\t\t\t<\/div>\n\t\t<\/div>\n\t\t\t\t\t<\/div>\n\t\t<\/section>\n\t\t\t\t<section class=\"elementor-section elementor-top-section elementor-element elementor-element-00ae196 elementor-section-boxed elementor-section-height-default elementor-section-height-default\" data-id=\"00ae196\" data-element_type=\"section\" data-e-type=\"section\">\n\t\t\t\t\t\t<div class=\"elementor-container elementor-column-gap-default\">\n\t\t\t\t\t<div class=\"elementor-column elementor-col-100 elementor-top-column elementor-element elementor-element-dca6c00\" data-id=\"dca6c00\" data-element_type=\"column\" data-e-type=\"column\">\n\t\t\t<div class=\"elementor-widget-wrap\">\n\t\t\t\t\t\t\t<\/div>\n\t\t<\/div>\n\t\t\t\t\t<\/div>\n\t\t<\/section>\n\t\t\t\t<\/div>\n\t\t","protected":false},"excerpt":{"rendered":"<p>Formations Observations p\u00e9dologiquesH\u00e9rault &#8211; 2015Camp terrain exp\u00e9rimentalProvence &#8211; 2015Ecole de terrain InternationaleTunisie 2023Mesures agro-hydrologiquesProvence 2013 Previous slide Next slide Les activit\u00e9s de formation sont \u00e9galement au coeur du projet de l&rsquo;UMR LISAH, au travers de son rattachement \u00e0 l&rsquo;Insitut Agro &#8211; Montpellier et AgroParisTech, en partenariat avec l&rsquo;Universit\u00e9 de Montpellier &#8211; UM. L&rsquo;implication du LISAH [&hellip;]<\/p>\n","protected":false},"author":1,"featured_media":0,"parent":0,"menu_order":0,"comment_status":"closed","ping_status":"closed","template":"","meta":{"_acf_changed":false,"site-sidebar-layout":"no-sidebar","site-content-layout":"page-builder","ast-site-content-layout":"default","site-content-style":"default","site-sidebar-style":"default","ast-global-header-display":"","ast-banner-title-visibility":"","ast-main-header-display":"","ast-hfb-above-header-display":"","ast-hfb-below-header-display":"","ast-hfb-mobile-header-display":"","site-post-title":"disabled","ast-breadcrumbs-content":"","ast-featured-img":"disabled","footer-sml-layout":"","ast-disable-related-posts":"","theme-transparent-header-meta":"","adv-header-id-meta":"","stick-header-meta":"","header-above-stick-meta":"","header-main-stick-meta":"","header-below-stick-meta":"","astra-migrate-meta-layouts":"default","ast-page-background-enabled":"default","ast-page-background-meta":{"desktop":{"background-color":"","background-image":"","background-repeat":"repeat","background-position":"center center","background-size":"auto","background-attachment":"scroll","background-type":"","background-media":"","overlay-type":"","overlay-color":"","overlay-opacity":"","overlay-gradient":""},"tablet":{"background-color":"","background-image":"","background-repeat":"repeat","background-position":"center center","background-size":"auto","background-attachment":"scroll","background-type":"","background-media":"","overlay-type":"","overlay-color":"","overlay-opacity":"","overlay-gradient":""},"mobile":{"background-color":"","background-image":"","background-repeat":"repeat","background-position":"center center","background-size":"auto","background-attachment":"scroll","background-type":"","background-media":"","overlay-type":"","overlay-color":"","overlay-opacity":"","overlay-gradient":""}},"ast-content-background-meta":{"desktop":{"background-color":"var(--ast-global-color-5)","background-image":"","background-repeat":"repeat","background-position":"center center","background-size":"auto","background-attachment":"scroll","background-type":"","background-media":"","overlay-type":"","overlay-color":"","overlay-opacity":"","overlay-gradient":""},"tablet":{"background-color":"var(--ast-global-color-5)","background-image":"","background-repeat":"repeat","background-position":"center center","background-size":"auto","background-attachment":"scroll","background-type":"","background-media":"","overlay-type":"","overlay-color":"","overlay-opacity":"","overlay-gradient":""},"mobile":{"background-color":"var(--ast-global-color-5)","background-image":"","background-repeat":"repeat","background-position":"center center","background-size":"auto","background-attachment":"scroll","background-type":"","background-media":"","overlay-type":"","overlay-color":"","overlay-opacity":"","overlay-gradient":""}},"footnotes":""},"class_list":["post-518","page","type-page","status-publish","hentry"],"acf":[],"_links":{"self":[{"href":"https:\/\/www.umr-lisah.fr\/fr\/wp-json\/wp\/v2\/pages\/518","targetHints":{"allow":["GET"]}}],"collection":[{"href":"https:\/\/www.umr-lisah.fr\/fr\/wp-json\/wp\/v2\/pages"}],"about":[{"href":"https:\/\/www.umr-lisah.fr\/fr\/wp-json\/wp\/v2\/types\/page"}],"author":[{"embeddable":true,"href":"https:\/\/www.umr-lisah.fr\/fr\/wp-json\/wp\/v2\/users\/1"}],"replies":[{"embeddable":true,"href":"https:\/\/www.umr-lisah.fr\/fr\/wp-json\/wp\/v2\/comments?post=518"}],"version-history":[{"count":6,"href":"https:\/\/www.umr-lisah.fr\/fr\/wp-json\/wp\/v2\/pages\/518\/revisions"}],"predecessor-version":[{"id":2176,"href":"https:\/\/www.umr-lisah.fr\/fr\/wp-json\/wp\/v2\/pages\/518\/revisions\/2176"}],"wp:attachment":[{"href":"https:\/\/www.umr-lisah.fr\/fr\/wp-json\/wp\/v2\/media?parent=518"}],"curies":[{"name":"wp","href":"https:\/\/api.w.org\/{rel}","templated":true}]}}