{"id":552,"date":"2023-05-23T09:53:23","date_gmt":"2023-05-23T07:53:23","guid":{"rendered":"https:\/\/lisah-sidev.supagro.inra.fr\/lisah\/?page_id=552"},"modified":"2023-06-22T10:48:56","modified_gmt":"2023-06-22T08:48:56","slug":"qui-sommes-nous","status":"publish","type":"page","link":"https:\/\/www.umr-lisah.fr\/fr\/qui-sommes-nous\/","title":{"rendered":"Qui sommes-nous ?"},"content":{"rendered":"\t\t<div data-elementor-type=\"wp-page\" data-elementor-id=\"552\" class=\"elementor elementor-552\" data-elementor-post-type=\"page\">\n\t\t\t\t\t\t<section class=\"elementor-section elementor-top-section elementor-element elementor-element-0d0b2e8 elementor-section-boxed elementor-section-height-default elementor-section-height-default\" data-id=\"0d0b2e8\" data-element_type=\"section\" data-e-type=\"section\">\n\t\t\t\t\t\t<div class=\"elementor-container elementor-column-gap-default\">\n\t\t\t\t\t<div class=\"elementor-column elementor-col-100 elementor-top-column elementor-element elementor-element-5ac7be8\" data-id=\"5ac7be8\" data-element_type=\"column\" data-e-type=\"column\">\n\t\t\t<div class=\"elementor-widget-wrap elementor-element-populated\">\n\t\t\t\t\t\t<div class=\"elementor-element elementor-element-a69c3a9 underlined elementor-widget elementor-widget-heading\" data-id=\"a69c3a9\" data-element_type=\"widget\" data-e-type=\"widget\" data-widget_type=\"heading.default\">\n\t\t\t\t<div class=\"elementor-widget-container\">\n\t\t\t\t\t<h1 class=\"elementor-heading-title elementor-size-default\">Qui sommes-nous ?<\/h1>\t\t\t\t<\/div>\n\t\t\t\t<\/div>\n\t\t\t\t<div class=\"elementor-element elementor-element-0c92374 elementor-widget__width-initial elementor-widget elementor-widget-text-editor\" data-id=\"0c92374\" data-element_type=\"widget\" data-e-type=\"widget\" data-widget_type=\"text-editor.default\">\n\t\t\t\t<div class=\"elementor-widget-container\">\n\t\t\t\t\t\t\t\t\t<p>Le LISAH a pour principale finalit\u00e9 l&rsquo;int\u00e9gration de 3 grandes familles de fonctions attendues des paysages cultiv\u00e9s : la <b>production et distribution d&rsquo;eau bleue et d&rsquo;eau verte<\/b> pour la production v\u00e9g\u00e9tale, la <b>conservation de la ressource en sol<\/b>, et la <b>r\u00e9gulation de l&rsquo;\u00e9codynamique de contaminants<\/b>.<\/p>\n<p>Pour ce faire, le laboratoire \u00e9tudie :<br><ol><li><span style=\"font-style: inherit; font-weight: inherit; color: var( --e-global-color-text ); background-color: var(--ast-global-color-4);\">les m\u00e9canismes biophysiques et leur formalisation, aux \u00e9chelles \u00e9l\u00e9mentaires (e.g. colonne de sol) et agr\u00e9g\u00e9es (paysage, bassin versant), <\/span><\/li><li><span style=\"font-style: inherit; font-weight: inherit; color: var( --e-global-color-text ); background-color: var(--ast-global-color-4);\">l&rsquo;effet de la structure des for\u00e7ages anthropiques et climatiques sur les flux dans le paysage et la dynamique spatiale du paysage pour laquelle, <\/span><\/li><li><span style=\"font-style: inherit; font-weight: inherit; color: var( --e-global-color-text ); background-color: var(--ast-global-color-4);\">il d\u00e9veloppe \u00e9galement des m\u00e9thodes de caract\u00e9risation et de monitoring.<\/span><\/li><\/ol><\/p>\t\t\t\t\t\t\t\t<\/div>\n\t\t\t\t<\/div>\n\t\t\t\t<div class=\"elementor-element elementor-element-1013247 elementor-widget__width-initial elementor-widget elementor-widget-image\" data-id=\"1013247\" data-element_type=\"widget\" data-e-type=\"widget\" data-widget_type=\"image.default\">\n\t\t\t\t<div class=\"elementor-widget-container\">\n\t\t\t\t\t\t\t\t\t\t\t\t\t\t\t<img fetchpriority=\"high\" decoding=\"async\" width=\"2048\" height=\"1152\" src=\"https:\/\/www.umr-lisah.fr\/wp-content\/uploads\/2023\/06\/Seminaire-2.jpg\" class=\"attachment-full size-full wp-image-1402\" alt=\"\" srcset=\"https:\/\/www.umr-lisah.fr\/wp-content\/uploads\/2023\/06\/Seminaire-2.jpg 2048w, https:\/\/www.umr-lisah.fr\/wp-content\/uploads\/2023\/06\/Seminaire-2-300x169.jpg 300w, https:\/\/www.umr-lisah.fr\/wp-content\/uploads\/2023\/06\/Seminaire-2-1024x576.jpg 1024w, https:\/\/www.umr-lisah.fr\/wp-content\/uploads\/2023\/06\/Seminaire-2-768x432.jpg 768w, https:\/\/www.umr-lisah.fr\/wp-content\/uploads\/2023\/06\/Seminaire-2-1536x864.jpg 1536w\" sizes=\"(max-width: 2048px) 100vw, 2048px\" \/>\t\t\t\t\t\t\t\t\t\t\t\t\t\t\t<\/div>\n\t\t\t\t<\/div>\n\t\t\t\t<div class=\"elementor-element elementor-element-5001c29 elementor-widget elementor-widget-text-editor\" data-id=\"5001c29\" data-element_type=\"widget\" data-e-type=\"widget\" data-widget_type=\"text-editor.default\">\n\t\t\t\t<div class=\"elementor-widget-container\">\n\t\t\t\t\t\t\t\t\t<p style=\"font-size: 16px; font-style: normal; font-weight: 400; color: #000000;\">Ce positionnement scientifique lui permet d&rsquo;aborder les enjeux, souvent antagonistes, concernant les sols, l&rsquo;eau et la production agricole (ODD 2, 6, 14, 15) et pour des \u00e9tendues spatiales pluri-acteurs tout en conservant une repr\u00e9sentation explicite de l&rsquo;\u00e9chelle de gestion individuelle.<\/p><p style=\"font-size: 16px; font-style: normal; font-weight: 400; color: #000000;\">Ce positionnement situe \u00e9galement le LISAH comme un laboratoire travaillant sur l&rsquo;agro\u00e9cologie des paysages, utilisant le paysage comme un levier potentiel de la transition agro-\u00e9cologique, via la modulation des organisations spatiales et temporelles des syst\u00e8mes de culture et am\u00e9nagements, et via la mise en place et l&rsquo;entretien d&rsquo;infrastructures paysag\u00e8res (foss\u00e9s, talus, etc), vues comme des solutions fond\u00e9es sur la nature.<\/p>\t\t\t\t\t\t\t\t<\/div>\n\t\t\t\t<\/div>\n\t\t\t\t<div class=\"elementor-element elementor-element-6f37f63 elementor-widget elementor-widget-heading\" data-id=\"6f37f63\" data-element_type=\"widget\" data-e-type=\"widget\" data-widget_type=\"heading.default\">\n\t\t\t\t<div class=\"elementor-widget-container\">\n\t\t\t\t\t<h5 class=\"elementor-heading-title elementor-size-default\">Les objectifs du LISAH :<\/h5>\t\t\t\t<\/div>\n\t\t\t\t<\/div>\n\t\t\t\t<div class=\"elementor-element elementor-element-d1dcd14 elementor-widget elementor-widget-text-editor\" data-id=\"d1dcd14\" data-element_type=\"widget\" data-e-type=\"widget\" data-widget_type=\"text-editor.default\">\n\t\t\t\t<div class=\"elementor-widget-container\">\n\t\t\t\t\t\t\t\t\t<ul><li>D\u00e9velopper les connaissances sur les m\u00e9canismes qui r\u00e9gissent le fonctionnement des paysages cultiv\u00e9s (production et distribution d&rsquo;eau bleue et d&rsquo;eau verte, conservation de la ressource en sol, r\u00e9gulation de l&rsquo;\u00e9codynamique des contaminants), en relation avec leur organisation spatio-temporelle d&rsquo;origine naturelle (sols, relief) et anthropique (usage des sols, am\u00e9nagements, pratiques culturales et d&rsquo;entretien d&rsquo;am\u00e9nagements), sous for\u00e7ages de climats m\u00e9diterran\u00e9ens \u00e0 tropicaux.<\/li><li>Elaborer et transf\u00e9rer des approches num\u00e9riques, permettant de diagnostiquer et pr\u00e9venir les risques qu&rsquo;induisent le changement climatique et les activit\u00e9s humaines dans les milieux cultiv\u00e9s sur l&rsquo;\u00e9volution des ressources naturelles et des r\u00e9gimes hydrologiques.<\/li><li>Co-construire de nouveaux modes de gestion durable des paysages dans le cadre de la transition agro\u00e9cologique et de l&rsquo;adaptation au changement climatique.<br \/>Former des \u00e9tudiants aux concepts et aux outils d\u2019analyse et de mod\u00e9lisation du fonctionnement spatialis\u00e9 du paysage cultiv\u00e9 et de l&rsquo;hydro-p\u00e9dologie des milieux cultiv\u00e9s.<\/li><\/ul>\t\t\t\t\t\t\t\t<\/div>\n\t\t\t\t<\/div>\n\t\t\t\t<div class=\"elementor-element elementor-element-a5969d1 elementor-widget elementor-widget-heading\" data-id=\"a5969d1\" data-element_type=\"widget\" data-e-type=\"widget\" data-widget_type=\"heading.default\">\n\t\t\t\t<div class=\"elementor-widget-container\">\n\t\t\t\t\t<h5 class=\"elementor-heading-title elementor-size-default\">Des recherches port\u00e9es sur les milieux m\u00e9diterran\u00e9ens &amp; tropicaux :<\/h5>\t\t\t\t<\/div>\n\t\t\t\t<\/div>\n\t\t\t\t<div class=\"elementor-element elementor-element-b2e0a88 elementor-widget elementor-widget-text-editor\" data-id=\"b2e0a88\" data-element_type=\"widget\" data-e-type=\"widget\" data-widget_type=\"text-editor.default\">\n\t\t\t\t<div class=\"elementor-widget-container\">\n\t\t\t\t\t\t\t\t\t<ul><li>Le laboratoire intervient principalement sur les territoires M\u00e9diterran\u00e9ens m\u00e9tropolitains et dans les pays du Sud M\u00e9diterran\u00e9e en s&rsquo;appuyant sur un r\u00e9seau de partenaires (e.g. LMI Na\u00efla).<\/li><li>Le laboratoire intervient \u00e9galement en milieu tropical i) pour \u00e9tudier les impacts environnementaux sur l&rsquo;eau et les sols de cultures tropicales intensives (Guadeloupe) et pour confronter \u00e0 de nouveaux contextes ses d\u00e9veloppements m\u00e9thodologistiques en caract\u00e9risation spatiale de la couverture p\u00e9dologique (Inde).<\/li><\/ul>\t\t\t\t\t\t\t\t<\/div>\n\t\t\t\t<\/div>\n\t\t\t\t<div class=\"elementor-element elementor-element-24c674c elementor-widget elementor-widget-heading\" data-id=\"24c674c\" data-element_type=\"widget\" data-e-type=\"widget\" data-widget_type=\"heading.default\">\n\t\t\t\t<div class=\"elementor-widget-container\">\n\t\t\t\t\t<h5 class=\"elementor-heading-title elementor-size-default\">Un laboratoire aux comp\u00e9tences vari\u00e9es :<\/h5>\t\t\t\t<\/div>\n\t\t\t\t<\/div>\n\t\t\t\t<div class=\"elementor-element elementor-element-d882f1b elementor-widget elementor-widget-text-editor\" data-id=\"d882f1b\" data-element_type=\"widget\" data-e-type=\"widget\" data-widget_type=\"text-editor.default\">\n\t\t\t\t<div class=\"elementor-widget-container\">\n\t\t\t\t\t\t\t\t\t<ul>\n<li>Le LISAH est compos\u00e9 de 25 chercheurs et enseignants chercheurs permanents et de 17 techniciens et ing\u00e9nieurs provenant de INRAE, de l&rsquo;IRD, de l&rsquo;Institut Agro (Montpellier SupAgro) et d&rsquo;AgroParisTech<\/li>\n<li>Il regroupe des comp\u00e9tences :<br>&#8211; sur le plan scientifique : en sciences du sol, \u00e9cohydrologie, hydrologie, g\u00e9ochimie, agronomie, t\u00e9l\u00e9d\u00e9tection et mod\u00e9lisation spatiale.<br>&#8211; sur le plan technique : en hydrom\u00e9trie, en m\u00e9trologie de la chimie de l&rsquo;environnement, en mesures physiques du sol, en conception de syst\u00e8mes d&rsquo;information et sites\/services web, en calcul num\u00e9rique, en g\u00e9omatique et en ing\u00e9nierie logicielle.\n<br><br><p>Le LISAH est \u00e9galement un laboratoire d&rsquo;accueil d&rsquo;\u00e9tudiants du Sud et du Nord en formation par la recherche, principalement rattach\u00e9s \u00e0 l&rsquo;\u00e9cole doctorale GAIA. Environ une dizaine de doctorants travaillent en continu au laboratoire, ainsi que des \u00e9tudiants en stage de 2nd et 3\u00e8me cycle.<\/p><\/li>\n<\/ul>\t\t\t\t\t\t\t\t<\/div>\n\t\t\t\t<\/div>\n\t\t\t\t\t<\/div>\n\t\t<\/div>\n\t\t\t\t\t<\/div>\n\t\t<\/section>\n\t\t\t\t<\/div>\n\t\t","protected":false},"excerpt":{"rendered":"<p>Qui sommes-nous ? Le LISAH a pour principale finalit\u00e9 l&rsquo;int\u00e9gration de 3 grandes familles de fonctions attendues des paysages cultiv\u00e9s : la production et distribution d&rsquo;eau bleue et d&rsquo;eau verte pour la production v\u00e9g\u00e9tale, la conservation de la ressource en sol, et la r\u00e9gulation de l&rsquo;\u00e9codynamique de contaminants. Pour ce faire, le laboratoire \u00e9tudie : [&hellip;]<\/p>\n","protected":false},"author":1,"featured_media":0,"parent":0,"menu_order":0,"comment_status":"closed","ping_status":"closed","template":"","meta":{"_acf_changed":false,"site-sidebar-layout":"no-sidebar","site-content-layout":"page-builder","ast-site-content-layout":"default","site-content-style":"default","site-sidebar-style":"default","ast-global-header-display":"","ast-banner-title-visibility":"","ast-main-header-display":"","ast-hfb-above-header-display":"","ast-hfb-below-header-display":"","ast-hfb-mobile-header-display":"","site-post-title":"disabled","ast-breadcrumbs-content":"","ast-featured-img":"disabled","footer-sml-layout":"","ast-disable-related-posts":"","theme-transparent-header-meta":"","adv-header-id-meta":"","stick-header-meta":"","header-above-stick-meta":"","header-main-stick-meta":"","header-below-stick-meta":"","astra-migrate-meta-layouts":"default","ast-page-background-enabled":"default","ast-page-background-meta":{"desktop":{"background-color":"","background-image":"","background-repeat":"repeat","background-position":"center center","background-size":"auto","background-attachment":"scroll","background-type":"","background-media":"","overlay-type":"","overlay-color":"","overlay-opacity":"","overlay-gradient":""},"tablet":{"background-color":"","background-image":"","background-repeat":"repeat","background-position":"center center","background-size":"auto","background-attachment":"scroll","background-type":"","background-media":"","overlay-type":"","overlay-color":"","overlay-opacity":"","overlay-gradient":""},"mobile":{"background-color":"","background-image":"","background-repeat":"repeat","background-position":"center center","background-size":"auto","background-attachment":"scroll","background-type":"","background-media":"","overlay-type":"","overlay-color":"","overlay-opacity":"","overlay-gradient":""}},"ast-content-background-meta":{"desktop":{"background-color":"var(--ast-global-color-5)","background-image":"","background-repeat":"repeat","background-position":"center center","background-size":"auto","background-attachment":"scroll","background-type":"","background-media":"","overlay-type":"","overlay-color":"","overlay-opacity":"","overlay-gradient":""},"tablet":{"background-color":"var(--ast-global-color-5)","background-image":"","background-repeat":"repeat","background-position":"center center","background-size":"auto","background-attachment":"scroll","background-type":"","background-media":"","overlay-type":"","overlay-color":"","overlay-opacity":"","overlay-gradient":""},"mobile":{"background-color":"var(--ast-global-color-5)","background-image":"","background-repeat":"repeat","background-position":"center center","background-size":"auto","background-attachment":"scroll","background-type":"","background-media":"","overlay-type":"","overlay-color":"","overlay-opacity":"","overlay-gradient":""}},"footnotes":""},"class_list":["post-552","page","type-page","status-publish","hentry"],"acf":[],"_links":{"self":[{"href":"https:\/\/www.umr-lisah.fr\/fr\/wp-json\/wp\/v2\/pages\/552","targetHints":{"allow":["GET"]}}],"collection":[{"href":"https:\/\/www.umr-lisah.fr\/fr\/wp-json\/wp\/v2\/pages"}],"about":[{"href":"https:\/\/www.umr-lisah.fr\/fr\/wp-json\/wp\/v2\/types\/page"}],"author":[{"embeddable":true,"href":"https:\/\/www.umr-lisah.fr\/fr\/wp-json\/wp\/v2\/users\/1"}],"replies":[{"embeddable":true,"href":"https:\/\/www.umr-lisah.fr\/fr\/wp-json\/wp\/v2\/comments?post=552"}],"version-history":[{"count":0,"href":"https:\/\/www.umr-lisah.fr\/fr\/wp-json\/wp\/v2\/pages\/552\/revisions"}],"wp:attachment":[{"href":"https:\/\/www.umr-lisah.fr\/fr\/wp-json\/wp\/v2\/media?parent=552"}],"curies":[{"name":"wp","href":"https:\/\/api.w.org\/{rel}","templated":true}]}}