{"id":553,"date":"2023-05-23T09:53:23","date_gmt":"2023-05-23T07:53:23","guid":{"rendered":"https:\/\/lisah-sidev.supagro.inra.fr\/lisah\/?page_id=553"},"modified":"2023-05-30T14:46:37","modified_gmt":"2023-05-30T12:46:37","slug":"objectifs-scientifiques","status":"publish","type":"page","link":"https:\/\/www.umr-lisah.fr\/fr\/objectifs-scientifiques\/","title":{"rendered":"Objectifs scientifiques"},"content":{"rendered":"\t\t<div data-elementor-type=\"wp-page\" data-elementor-id=\"553\" class=\"elementor elementor-553\" data-elementor-post-type=\"page\">\n\t\t\t\t\t\t<section class=\"elementor-section elementor-top-section elementor-element elementor-element-c2f2199 elementor-section-boxed elementor-section-height-default elementor-section-height-default\" data-id=\"c2f2199\" data-element_type=\"section\" data-e-type=\"section\">\n\t\t\t\t\t\t<div class=\"elementor-container elementor-column-gap-default\">\n\t\t\t\t\t<div class=\"elementor-column elementor-col-100 elementor-top-column elementor-element elementor-element-fff3adc\" data-id=\"fff3adc\" data-element_type=\"column\" data-e-type=\"column\">\n\t\t\t<div class=\"elementor-widget-wrap elementor-element-populated\">\n\t\t\t\t\t\t<div class=\"elementor-element elementor-element-aac7f61 underlined elementor-widget elementor-widget-heading\" data-id=\"aac7f61\" data-element_type=\"widget\" data-e-type=\"widget\" data-widget_type=\"heading.default\">\n\t\t\t\t<div class=\"elementor-widget-container\">\n\t\t\t\t\t<h1 class=\"elementor-heading-title elementor-size-default\">Nos objectifs scientifiques<\/h1>\t\t\t\t<\/div>\n\t\t\t\t<\/div>\n\t\t\t\t<div class=\"elementor-element elementor-element-c7f7701 elementor-widget elementor-widget-text-editor\" data-id=\"c7f7701\" data-element_type=\"widget\" data-e-type=\"widget\" data-widget_type=\"text-editor.default\">\n\t\t\t\t<div class=\"elementor-widget-container\">\n\t\t\t\t\t\t\t\t\t<p>Les recherches du LISAH portent sur l&rsquo;analyse syst\u00e9mique du fonctionnement complexe des paysages cultiv\u00e9s en se focalisant sur les interactions entre production v\u00e9g\u00e9tale et ressources naturelles (sol, eau), sur des espaces multi-acteurs et multi-objets (parcelles agricoles et infrastructures paysag\u00e8res), et au sein de la zone critique (des nappes superficielles \u00e0 la basse atmosph\u00e8re).<\/p>\n<p>A cette fin, un enjeu scientifique majeur est de comprendre et mod\u00e9liser les relations, interactions, voire r\u00e9troactions entre processus biophysiques (i.e. hydrologiques, bio-g\u00e9ochimiques, \u00e9cologiques) et les propri\u00e9t\u00e9s des paysages qu&rsquo;elles soient \u00abnaturelles\u00bb (sol, relief) ou en lien avec l&rsquo;activit\u00e9 anthropique (mosa\u00efque de syst\u00e8mes de cultures, r\u00e9seaux d&rsquo;infrastructures hydro-agricoles, etc).<\/p>\n<p><b>Le laboratoire a pour principale finalit\u00e9 l&rsquo;int\u00e9gration et la confrontation de 3 grandes familles de fonctions attendues des paysages cultiv\u00e9s<\/b> (production et distribution d&rsquo;eau bleue et d&rsquo;eau verte (pour la production v\u00e9g\u00e9tale), conservation de la ressource en sol, r\u00e9gulation de l&rsquo;\u00e9codynamique de contaminants).<\/p>\n<p>Pour ce faire, le LISAH \u00e9tudie :&nbsp;<\/p><p><ol><li>les m\u00e9canismes biophysiques et leur formalisation, aux \u00e9chelles \u00e9l\u00e9mentaires (e.g. colonne de sol) et agr\u00e9g\u00e9es (paysage, bassin versant),&nbsp;<\/li><li>l&rsquo;effet de la structure des for\u00e7ages anthropiques et climatiques sur les flux dans le paysage et la dynamique spatiale du paysage pour laquelle,&nbsp;<\/li><li>il d\u00e9veloppe \u00e9galement des m\u00e9thodes de caract\u00e9risation et de monitoring.<\/li><\/ol><\/p>\t\t\t\t\t\t\t\t<\/div>\n\t\t\t\t<\/div>\n\t\t\t\t<div class=\"elementor-element elementor-element-e1b0b81 elementor-widget elementor-widget-image\" data-id=\"e1b0b81\" data-element_type=\"widget\" data-e-type=\"widget\" data-widget_type=\"image.default\">\n\t\t\t\t<div class=\"elementor-widget-container\">\n\t\t\t\t\t\t\t\t\t\t\t\t\t\t\t<img fetchpriority=\"high\" decoding=\"async\" width=\"2560\" height=\"595\" src=\"https:\/\/www.umr-lisah.fr\/wp-content\/uploads\/2023\/05\/ManipMineralisation_20080119_CGeniez-3-scaled-e1685450046934.jpg\" class=\"attachment-full size-full wp-image-879\" alt=\"\" srcset=\"https:\/\/www.umr-lisah.fr\/wp-content\/uploads\/2023\/05\/ManipMineralisation_20080119_CGeniez-3-scaled-e1685450046934.jpg 2560w, https:\/\/www.umr-lisah.fr\/wp-content\/uploads\/2023\/05\/ManipMineralisation_20080119_CGeniez-3-scaled-e1685450046934-300x70.jpg 300w, https:\/\/www.umr-lisah.fr\/wp-content\/uploads\/2023\/05\/ManipMineralisation_20080119_CGeniez-3-scaled-e1685450046934-1024x238.jpg 1024w, https:\/\/www.umr-lisah.fr\/wp-content\/uploads\/2023\/05\/ManipMineralisation_20080119_CGeniez-3-scaled-e1685450046934-768x179.jpg 768w, https:\/\/www.umr-lisah.fr\/wp-content\/uploads\/2023\/05\/ManipMineralisation_20080119_CGeniez-3-scaled-e1685450046934-1536x357.jpg 1536w, https:\/\/www.umr-lisah.fr\/wp-content\/uploads\/2023\/05\/ManipMineralisation_20080119_CGeniez-3-scaled-e1685450046934-2048x476.jpg 2048w\" sizes=\"(max-width: 2560px) 100vw, 2560px\" \/>\t\t\t\t\t\t\t\t\t\t\t\t\t\t\t<\/div>\n\t\t\t\t<\/div>\n\t\t\t\t<div class=\"elementor-element elementor-element-3567153 elementor-widget elementor-widget-heading\" data-id=\"3567153\" data-element_type=\"widget\" data-e-type=\"widget\" data-widget_type=\"heading.default\">\n\t\t\t\t<div class=\"elementor-widget-container\">\n\t\t\t\t\t<h5 class=\"elementor-heading-title elementor-size-default\">Comment atteindre ces objectifs ?<\/h5>\t\t\t\t<\/div>\n\t\t\t\t<\/div>\n\t\t\t\t<div class=\"elementor-element elementor-element-624143e elementor-widget elementor-widget-text-editor\" data-id=\"624143e\" data-element_type=\"widget\" data-e-type=\"widget\" data-widget_type=\"text-editor.default\">\n\t\t\t\t<div class=\"elementor-widget-container\">\n\t\t\t\t\t\t\t\t\t<p>Nos recherches reposent donc sur l&rsquo;id\u00e9e que l&rsquo;analyse du fonctionnement du paysage n\u00e9cessite de progresser simultan\u00e9ment i) dans la connaissance des m\u00e9canismes abiotiques et biotiques \u00e0 l&rsquo;oeuvre dans le paysage, pouvant se manifester sur des temps longs et ii) dans la repr\u00e9sentation explicite (num\u00e9rique) de la g\u00e9om\u00e9trie et des propri\u00e9t\u00e9s des milieux cultiv\u00e9s, sous for\u00e7age anthropique tr\u00e8s marqu\u00e9.<\/p><ul><li>L&rsquo;ORE OMERE, observatoire co-pilot\u00e9 par le LISAH d\u00e9di\u00e9 \u00e0 l&rsquo;acquisition d&rsquo;observations agro-hydro-p\u00e9dologiques \u00e0 long terme, permet l&rsquo;analyse des processus \u00e9tudi\u00e9s par les \u00e9quipes, \u00e0 leur mod\u00e9lisation, et \u00e0 l&rsquo;analyse de l&rsquo;\u00e9volution long terme des ressources naturelles (eau,sol, etc) sous l&rsquo;effet de la variabilit\u00e9 climatique et de l&rsquo;\u00e9volution des usages du sol.<\/li><li>Les approches de mod\u00e9lisation et simulation num\u00e9rique du paysage, spatialis\u00e9es et explicites, sont d\u00e9velopp\u00e9es aussi bien pour repr\u00e9senter les m\u00e9canismes \u00e0 l&rsquo;oeuvre que pour repr\u00e9senter la g\u00e9om\u00e9trie, la topologie et les propri\u00e9t\u00e9s des paysages cultiv\u00e9s. Ces approches sont d\u00e9velopp\u00e9s notamment avec l&rsquo;appui d&rsquo;une \u00e9quipe d&rsquo;ing\u00e9nierie en charge de d\u00e9velopper une plateforme (OpenFLUID) capitalisant le d\u00e9veloppement des mod\u00e8les \u00e9l\u00e9mentaires de l&rsquo;unit\u00e9 et de ses partenaires, leur couplage et leur extrapolation.<\/li><\/ul><p>L<b>e projet scientifique du LISAH aborde les enjeux, souvent antagonistes, concernant les sols, l&rsquo;eau et la production agricole<\/b>\u00a0(ODD 2, 6, 14, 15) et pour des \u00e9tendues spatiales pluri-acteurs tout en conservant une repr\u00e9sentation explicite de l&rsquo;\u00e9chelle de gestion individuelle. Le LISAH est un laboratoire travaillant sur l&rsquo;agro\u00e9cologie des paysages, utilisant le paysage comme un levier potentiel de la transition agro-\u00e9cologique, via la modulation des organisations spatiales et temporelles des syst\u00e8mes de culture et am\u00e9nagements, et via la mise en place et l&rsquo;entretien d&rsquo;infrastructures paysag\u00e8res (foss\u00e9s, talus, etc), vues comme des solutions fond\u00e9es sur la nature.<\/p>\t\t\t\t\t\t\t\t<\/div>\n\t\t\t\t<\/div>\n\t\t\t\t\t<\/div>\n\t\t<\/div>\n\t\t\t\t\t<\/div>\n\t\t<\/section>\n\t\t\t\t<\/div>\n\t\t","protected":false},"excerpt":{"rendered":"<p>Nos objectifs scientifiques Les recherches du LISAH portent sur l&rsquo;analyse syst\u00e9mique du fonctionnement complexe des paysages cultiv\u00e9s en se focalisant sur les interactions entre production v\u00e9g\u00e9tale et ressources naturelles (sol, eau), sur des espaces multi-acteurs et multi-objets (parcelles agricoles et infrastructures paysag\u00e8res), et au sein de la zone critique (des nappes superficielles \u00e0 la basse [&hellip;]<\/p>\n","protected":false},"author":1,"featured_media":0,"parent":0,"menu_order":0,"comment_status":"closed","ping_status":"closed","template":"","meta":{"_acf_changed":false,"site-sidebar-layout":"no-sidebar","site-content-layout":"page-builder","ast-site-content-layout":"default","site-content-style":"default","site-sidebar-style":"default","ast-global-header-display":"","ast-banner-title-visibility":"","ast-main-header-display":"","ast-hfb-above-header-display":"","ast-hfb-below-header-display":"","ast-hfb-mobile-header-display":"","site-post-title":"disabled","ast-breadcrumbs-content":"","ast-featured-img":"disabled","footer-sml-layout":"","ast-disable-related-posts":"","theme-transparent-header-meta":"","adv-header-id-meta":"","stick-header-meta":"","header-above-stick-meta":"","header-main-stick-meta":"","header-below-stick-meta":"","astra-migrate-meta-layouts":"default","ast-page-background-enabled":"default","ast-page-background-meta":{"desktop":{"background-color":"","background-image":"","background-repeat":"repeat","background-position":"center center","background-size":"auto","background-attachment":"scroll","background-type":"","background-media":"","overlay-type":"","overlay-color":"","overlay-opacity":"","overlay-gradient":""},"tablet":{"background-color":"","background-image":"","background-repeat":"repeat","background-position":"center center","background-size":"auto","background-attachment":"scroll","background-type":"","background-media":"","overlay-type":"","overlay-color":"","overlay-opacity":"","overlay-gradient":""},"mobile":{"background-color":"","background-image":"","background-repeat":"repeat","background-position":"center center","background-size":"auto","background-attachment":"scroll","background-type":"","background-media":"","overlay-type":"","overlay-color":"","overlay-opacity":"","overlay-gradient":""}},"ast-content-background-meta":{"desktop":{"background-color":"var(--ast-global-color-5)","background-image":"","background-repeat":"repeat","background-position":"center center","background-size":"auto","background-attachment":"scroll","background-type":"","background-media":"","overlay-type":"","overlay-color":"","overlay-opacity":"","overlay-gradient":""},"tablet":{"background-color":"var(--ast-global-color-5)","background-image":"","background-repeat":"repeat","background-position":"center center","background-size":"auto","background-attachment":"scroll","background-type":"","background-media":"","overlay-type":"","overlay-color":"","overlay-opacity":"","overlay-gradient":""},"mobile":{"background-color":"var(--ast-global-color-5)","background-image":"","background-repeat":"repeat","background-position":"center center","background-size":"auto","background-attachment":"scroll","background-type":"","background-media":"","overlay-type":"","overlay-color":"","overlay-opacity":"","overlay-gradient":""}},"footnotes":""},"class_list":["post-553","page","type-page","status-publish","hentry"],"acf":[],"_links":{"self":[{"href":"https:\/\/www.umr-lisah.fr\/fr\/wp-json\/wp\/v2\/pages\/553","targetHints":{"allow":["GET"]}}],"collection":[{"href":"https:\/\/www.umr-lisah.fr\/fr\/wp-json\/wp\/v2\/pages"}],"about":[{"href":"https:\/\/www.umr-lisah.fr\/fr\/wp-json\/wp\/v2\/types\/page"}],"author":[{"embeddable":true,"href":"https:\/\/www.umr-lisah.fr\/fr\/wp-json\/wp\/v2\/users\/1"}],"replies":[{"embeddable":true,"href":"https:\/\/www.umr-lisah.fr\/fr\/wp-json\/wp\/v2\/comments?post=553"}],"version-history":[{"count":0,"href":"https:\/\/www.umr-lisah.fr\/fr\/wp-json\/wp\/v2\/pages\/553\/revisions"}],"wp:attachment":[{"href":"https:\/\/www.umr-lisah.fr\/fr\/wp-json\/wp\/v2\/media?parent=553"}],"curies":[{"name":"wp","href":"https:\/\/api.w.org\/{rel}","templated":true}]}}