{"id":561,"date":"2023-05-23T09:53:24","date_gmt":"2023-05-23T07:53:24","guid":{"rendered":"https:\/\/lisah-sidev.supagro.inra.fr\/lisah\/?page_id=561"},"modified":"2024-12-06T08:21:00","modified_gmt":"2024-12-06T07:21:00","slug":"poles-dappui","status":"publish","type":"page","link":"https:\/\/www.umr-lisah.fr\/fr\/poles-dappui\/","title":{"rendered":"P\u00f4les d&rsquo;appui"},"content":{"rendered":"\t\t<div data-elementor-type=\"wp-page\" data-elementor-id=\"561\" class=\"elementor elementor-561\" data-elementor-post-type=\"page\">\n\t\t\t\t\t\t<section class=\"elementor-section elementor-top-section elementor-element elementor-element-82d56be elementor-section-boxed elementor-section-height-default elementor-section-height-default\" data-id=\"82d56be\" data-element_type=\"section\" data-e-type=\"section\">\n\t\t\t\t\t\t<div class=\"elementor-container elementor-column-gap-default\">\n\t\t\t\t\t<div class=\"elementor-column elementor-col-100 elementor-top-column elementor-element elementor-element-1f488c7\" data-id=\"1f488c7\" data-element_type=\"column\" data-e-type=\"column\">\n\t\t\t<div class=\"elementor-widget-wrap elementor-element-populated\">\n\t\t\t\t\t\t<div class=\"elementor-element elementor-element-3c34445 underlined elementor-widget elementor-widget-heading\" data-id=\"3c34445\" data-element_type=\"widget\" data-e-type=\"widget\" data-widget_type=\"heading.default\">\n\t\t\t\t<div class=\"elementor-widget-container\">\n\t\t\t\t\t<h1 class=\"elementor-heading-title elementor-size-default\">P\u00f4les support<\/h1>\t\t\t\t<\/div>\n\t\t\t\t<\/div>\n\t\t\t\t<div class=\"elementor-element elementor-element-a372a3a elementor-widget elementor-widget-text-editor\" data-id=\"a372a3a\" data-element_type=\"widget\" data-e-type=\"widget\" data-widget_type=\"text-editor.default\">\n\t\t\t\t<div class=\"elementor-widget-container\">\n\t\t\t\t\t\t\t\t\t<p>Afin de <strong>mener \u00e0 bien nos recherches, nous avons organis\u00e9 les activit\u00e9s \u00ab\u00a0support \u00e0 la science\u00a0\u00bb autour de 3 p\u00f4les qui <\/strong><strong>portent l<\/strong><strong>es activit\u00e9s de gestion<\/strong> <strong>administrative, organisent l&rsquo;acquisition de donn\u00e9es d&rsquo;observations et la mise en place exp\u00e9rimentations, assurent le fonctionnement du syst\u00e8me d&rsquo;informations interne<\/strong>.&nbsp;<\/p>\n<p>Ces p\u00f4les sont compos\u00e9s de Techniciens et d&rsquo;Ing\u00e9nieurs aux comp\u00e9tences vari\u00e9es mises \u00e0 disposition de l&rsquo;ensemble de notre collectif.<\/p>\t\t\t\t\t\t\t\t<\/div>\n\t\t\t\t<\/div>\n\t\t\t\t<div class=\"elementor-element elementor-element-d83de76 elementor-widget elementor-widget-heading\" data-id=\"d83de76\" data-element_type=\"widget\" data-e-type=\"widget\" data-widget_type=\"heading.default\">\n\t\t\t\t<div class=\"elementor-widget-container\">\n\t\t\t\t\t<h5 class=\"elementor-heading-title elementor-size-default\">Consultez les pages de nos P\u00f4les support :<\/h5>\t\t\t\t<\/div>\n\t\t\t\t<\/div>\n\t\t\t\t<div class=\"elementor-element elementor-element-2ea58a8 elementor-widget elementor-widget-text-editor\" data-id=\"2ea58a8\" data-element_type=\"widget\" data-e-type=\"widget\" data-widget_type=\"text-editor.default\">\n\t\t\t\t<div class=\"elementor-widget-container\">\n\t\t\t\t\t\t\t\t\t<ul>\n<li><a href=\"https:\/\/www.umr-lisah.fr\/?page_id=769\">P\u00f4le Gestion Administrative<\/a><\/li>\n<li><a href=\"https:\/\/www.umr-lisah.fr\/?page_id=770\" target=\"_blank\">Pole Syst\u00e8me d&rsquo;Informations<\/a><a href=\"https:\/\/dev.umr-lisah.fr\/?page_id=770\"><\/a><\/li>\n<li><a href=\"https:\/\/www.umr-lisah.fr\/?page_id=771\" target=\"_blank\">P\u00f4le Observations &amp; Exp\u00e9rimentations<\/a><a href=\"https:\/\/dev.umr-lisah.fr\/?page_id=771\"><\/a><\/li>\n<\/ul>\t\t\t\t\t\t\t\t<\/div>\n\t\t\t\t<\/div>\n\t\t\t\t\t<\/div>\n\t\t<\/div>\n\t\t\t\t\t<\/div>\n\t\t<\/section>\n\t\t\t\t<\/div>\n\t\t","protected":false},"excerpt":{"rendered":"<p>P\u00f4les support Afin de mener \u00e0 bien nos recherches, nous avons organis\u00e9 les activit\u00e9s \u00ab\u00a0support \u00e0 la science\u00a0\u00bb autour de 3 p\u00f4les qui portent les activit\u00e9s de gestion administrative, organisent l&rsquo;acquisition de donn\u00e9es d&rsquo;observations et la mise en place exp\u00e9rimentations, assurent le fonctionnement du syst\u00e8me d&rsquo;informations interne.&nbsp; Ces p\u00f4les sont compos\u00e9s de Techniciens et d&rsquo;Ing\u00e9nieurs [&hellip;]<\/p>\n","protected":false},"author":1,"featured_media":0,"parent":0,"menu_order":0,"comment_status":"closed","ping_status":"closed","template":"","meta":{"_acf_changed":false,"site-sidebar-layout":"no-sidebar","site-content-layout":"page-builder","ast-site-content-layout":"default","site-content-style":"default","site-sidebar-style":"default","ast-global-header-display":"","ast-banner-title-visibility":"","ast-main-header-display":"","ast-hfb-above-header-display":"","ast-hfb-below-header-display":"","ast-hfb-mobile-header-display":"","site-post-title":"disabled","ast-breadcrumbs-content":"","ast-featured-img":"disabled","footer-sml-layout":"","ast-disable-related-posts":"","theme-transparent-header-meta":"","adv-header-id-meta":"","stick-header-meta":"","header-above-stick-meta":"","header-main-stick-meta":"","header-below-stick-meta":"","astra-migrate-meta-layouts":"default","ast-page-background-enabled":"default","ast-page-background-meta":{"desktop":{"background-color":"","background-image":"","background-repeat":"repeat","background-position":"center center","background-size":"auto","background-attachment":"scroll","background-type":"","background-media":"","overlay-type":"","overlay-color":"","overlay-opacity":"","overlay-gradient":""},"tablet":{"background-color":"","background-image":"","background-repeat":"repeat","background-position":"center center","background-size":"auto","background-attachment":"scroll","background-type":"","background-media":"","overlay-type":"","overlay-color":"","overlay-opacity":"","overlay-gradient":""},"mobile":{"background-color":"","background-image":"","background-repeat":"repeat","background-position":"center center","background-size":"auto","background-attachment":"scroll","background-type":"","background-media":"","overlay-type":"","overlay-color":"","overlay-opacity":"","overlay-gradient":""}},"ast-content-background-meta":{"desktop":{"background-color":"var(--ast-global-color-5)","background-image":"","background-repeat":"repeat","background-position":"center center","background-size":"auto","background-attachment":"scroll","background-type":"","background-media":"","overlay-type":"","overlay-color":"","overlay-opacity":"","overlay-gradient":""},"tablet":{"background-color":"var(--ast-global-color-5)","background-image":"","background-repeat":"repeat","background-position":"center center","background-size":"auto","background-attachment":"scroll","background-type":"","background-media":"","overlay-type":"","overlay-color":"","overlay-opacity":"","overlay-gradient":""},"mobile":{"background-color":"var(--ast-global-color-5)","background-image":"","background-repeat":"repeat","background-position":"center center","background-size":"auto","background-attachment":"scroll","background-type":"","background-media":"","overlay-type":"","overlay-color":"","overlay-opacity":"","overlay-gradient":""}},"footnotes":""},"class_list":["post-561","page","type-page","status-publish","hentry"],"acf":[],"_links":{"self":[{"href":"https:\/\/www.umr-lisah.fr\/fr\/wp-json\/wp\/v2\/pages\/561","targetHints":{"allow":["GET"]}}],"collection":[{"href":"https:\/\/www.umr-lisah.fr\/fr\/wp-json\/wp\/v2\/pages"}],"about":[{"href":"https:\/\/www.umr-lisah.fr\/fr\/wp-json\/wp\/v2\/types\/page"}],"author":[{"embeddable":true,"href":"https:\/\/www.umr-lisah.fr\/fr\/wp-json\/wp\/v2\/users\/1"}],"replies":[{"embeddable":true,"href":"https:\/\/www.umr-lisah.fr\/fr\/wp-json\/wp\/v2\/comments?post=561"}],"version-history":[{"count":12,"href":"https:\/\/www.umr-lisah.fr\/fr\/wp-json\/wp\/v2\/pages\/561\/revisions"}],"predecessor-version":[{"id":2553,"href":"https:\/\/www.umr-lisah.fr\/fr\/wp-json\/wp\/v2\/pages\/561\/revisions\/2553"}],"wp:attachment":[{"href":"https:\/\/www.umr-lisah.fr\/fr\/wp-json\/wp\/v2\/media?parent=561"}],"curies":[{"name":"wp","href":"https:\/\/api.w.org\/{rel}","templated":true}]}}