{"id":562,"date":"2023-05-23T09:53:24","date_gmt":"2023-05-23T07:53:24","guid":{"rendered":"https:\/\/lisah-sidev.supagro.inra.fr\/lisah\/?page_id=562"},"modified":"2023-10-16T18:00:50","modified_gmt":"2023-10-16T16:00:50","slug":"implantations","status":"publish","type":"page","link":"https:\/\/www.umr-lisah.fr\/fr\/implantations\/","title":{"rendered":"Implantations"},"content":{"rendered":"\t\t<div data-elementor-type=\"wp-page\" data-elementor-id=\"562\" class=\"elementor elementor-562\" data-elementor-post-type=\"page\">\n\t\t\t\t\t\t<section class=\"elementor-section elementor-top-section elementor-element elementor-element-262a7ba elementor-section-boxed elementor-section-height-default elementor-section-height-default\" data-id=\"262a7ba\" data-element_type=\"section\" data-e-type=\"section\">\n\t\t\t\t\t\t<div class=\"elementor-container elementor-column-gap-default\">\n\t\t\t\t\t<div class=\"elementor-column elementor-col-100 elementor-top-column elementor-element elementor-element-66025d2\" data-id=\"66025d2\" data-element_type=\"column\" data-e-type=\"column\">\n\t\t\t<div class=\"elementor-widget-wrap elementor-element-populated\">\n\t\t\t\t\t\t<div class=\"elementor-element elementor-element-65ea2b4 underlined elementor-widget elementor-widget-heading\" data-id=\"65ea2b4\" data-element_type=\"widget\" data-e-type=\"widget\" data-widget_type=\"heading.default\">\n\t\t\t\t<div class=\"elementor-widget-container\">\n\t\t\t\t\t<h1 class=\"elementor-heading-title elementor-size-default\">Implantations<\/h1>\t\t\t\t<\/div>\n\t\t\t\t<\/div>\n\t\t\t\t<div class=\"elementor-element elementor-element-4ec24b9 elementor-widget__width-initial elementor-widget elementor-widget-text-editor\" data-id=\"4ec24b9\" data-element_type=\"widget\" data-e-type=\"widget\" data-widget_type=\"text-editor.default\">\n\t\t\t\t<div class=\"elementor-widget-container\">\n\t\t\t\t\t\t\t\t\t<p>Le personnel du LISAH est pr\u00e9sent non seulement en France, mais \u00e9galement sur deux implantations outre-mer.<\/p><ul><li>En <b>France<\/b>, le LISAH est implant\u00e9 \u00e0 Montpellier sur le <b>campus INRAE-Supagro de la Gaillarde \u00e0 Montpellier<\/b> (b\u00e2timent Science du Sol).<\/li><li>En <b>Tunisie<\/b>, le personnel de l&rsquo;unit\u00e9 est accueilli \u00e0 <b>Tunis <\/b>chez nos partenaires (INAT et INRGREF).<\/li><li>En <b>Inde<\/b>, le personnel de l&rsquo;unit\u00e9 est accueilli chez notre partenaire, l&rsquo;Indian Institute of Science of Bangalore.<\/li><\/ul>\t\t\t\t\t\t\t\t<\/div>\n\t\t\t\t<\/div>\n\t\t\t\t<div class=\"elementor-element elementor-element-2347fc9 elementor-widget__width-initial elementor-widget elementor-widget-image\" data-id=\"2347fc9\" data-element_type=\"widget\" data-e-type=\"widget\" data-widget_type=\"image.default\">\n\t\t\t\t<div class=\"elementor-widget-container\">\n\t\t\t\t\t\t\t\t\t\t\t\t\t\t\t<img decoding=\"async\" src=\"https:\/\/www.umr-lisah.fr\/wp-content\/uploads\/2023\/05\/SURVOL_MORVAN_DJI_0074-scaled.jpg\" title=\"DCIM\/100MEDIA\/DJI_0074.JPG\" alt=\"DCIM\/100MEDIA\/DJI_0074.JPG\" loading=\"lazy\" \/>\t\t\t\t\t\t\t\t\t\t\t\t\t\t\t<\/div>\n\t\t\t\t<\/div>\n\t\t\t\t<div class=\"elementor-element elementor-element-1633fa9 elementor-widget elementor-widget-text-editor\" data-id=\"1633fa9\" data-element_type=\"widget\" data-e-type=\"widget\" data-widget_type=\"text-editor.default\">\n\t\t\t\t<div class=\"elementor-widget-container\">\n\t\t\t\t\t\t\t\t\t<p>Le LISAH d\u00e9veloppe l&rsquo;ensemble de ses recherches en collaboration avec ses partenaires locaux sur 5 chantiers, 3 sur le pourtour de la M\u00e9diterran\u00e9e, 1 en Inde et 1 aux Antilles. Ces chantiers sont pour la plupart commun aux \u00e9quipes de recherche et les recherches qui y sont men\u00e9es s&rsquo;appuient sur des dispositifs d&rsquo;observation et des laboratoires Internationaux.<\/p><p><b>En M\u00e9diterran\u00e9e<\/b>, les chantiers sont :<\/p><ul><li>en France dans le Languedoc, le bassin versant de la Peyne et son bassin \u00e9l\u00e9mentaire de Roujan (ORE OMERE)<\/li><li>en Tunisie dans le Cap Bon, le bassin versant du Lebna et son bassin \u00e9l\u00e9mentaire de Kamech (ORE OMERE)<\/li><li>au Maroc, dans sa partie Nord (Bassin du Tleta).<\/li><\/ul><p><b>Aux Antilles<\/b>, le LISAH s&rsquo;est investi particuli\u00e8rement en Guadeloupe sur la question du devenir du chlord\u00e9cone.<\/p><p><b>En Inde<\/b>, le LISAH s&rsquo;est investi depuis 2016 sur les questions de caract\u00e9risation de la couverture p\u00e9dologique pour la gestion de l&rsquo;eau.<\/p><p>Par ailleurs, le LISAH travaille plus ponctuellement sur d&rsquo;autres sites d&rsquo;\u00e9tude, par exemple au Kenya, au Liban, au Vietnam et au Br\u00e9sil.<\/p>\t\t\t\t\t\t\t\t<\/div>\n\t\t\t\t<\/div>\n\t\t\t\t<div class=\"elementor-element elementor-element-fd211a6 elementor-widget elementor-widget-google_maps\" data-id=\"fd211a6\" data-element_type=\"widget\" data-e-type=\"widget\" data-widget_type=\"google_maps.default\">\n\t\t\t\t<div class=\"elementor-widget-container\">\n\t\t\t\t\t\t\t<div class=\"elementor-custom-embed\">\n\t\t\t<iframe loading=\"lazy\"\n\t\t\t\t\tsrc=\"https:\/\/maps.google.com\/maps?q=M%C3%A9diterrann%C3%A9e&#038;t=m&#038;z=4&#038;output=embed&#038;iwloc=near\"\n\t\t\t\t\ttitle=\"M\u00e9diterrann\u00e9e\"\n\t\t\t\t\taria-label=\"M\u00e9diterrann\u00e9e\"\n\t\t\t><\/iframe>\n\t\t<\/div>\n\t\t\t\t\t\t<\/div>\n\t\t\t\t<\/div>\n\t\t\t\t\t<\/div>\n\t\t<\/div>\n\t\t\t\t\t<\/div>\n\t\t<\/section>\n\t\t\t\t<\/div>\n\t\t","protected":false},"excerpt":{"rendered":"<p>Implantations Le personnel du LISAH est pr\u00e9sent non seulement en France, mais \u00e9galement sur deux implantations outre-mer. En France, le LISAH est implant\u00e9 \u00e0 Montpellier sur le campus INRAE-Supagro de la Gaillarde \u00e0 Montpellier (b\u00e2timent Science du Sol). En Tunisie, le personnel de l&rsquo;unit\u00e9 est accueilli \u00e0 Tunis chez nos partenaires (INAT et INRGREF). En [&hellip;]<\/p>\n","protected":false},"author":1,"featured_media":0,"parent":0,"menu_order":0,"comment_status":"closed","ping_status":"closed","template":"","meta":{"_acf_changed":false,"site-sidebar-layout":"no-sidebar","site-content-layout":"page-builder","ast-site-content-layout":"default","site-content-style":"default","site-sidebar-style":"default","ast-global-header-display":"","ast-banner-title-visibility":"","ast-main-header-display":"","ast-hfb-above-header-display":"","ast-hfb-below-header-display":"","ast-hfb-mobile-header-display":"","site-post-title":"disabled","ast-breadcrumbs-content":"","ast-featured-img":"disabled","footer-sml-layout":"","ast-disable-related-posts":"","theme-transparent-header-meta":"","adv-header-id-meta":"","stick-header-meta":"","header-above-stick-meta":"","header-main-stick-meta":"","header-below-stick-meta":"","astra-migrate-meta-layouts":"default","ast-page-background-enabled":"default","ast-page-background-meta":{"desktop":{"background-color":"","background-image":"","background-repeat":"repeat","background-position":"center center","background-size":"auto","background-attachment":"scroll","background-type":"","background-media":"","overlay-type":"","overlay-color":"","overlay-opacity":"","overlay-gradient":""},"tablet":{"background-color":"","background-image":"","background-repeat":"repeat","background-position":"center center","background-size":"auto","background-attachment":"scroll","background-type":"","background-media":"","overlay-type":"","overlay-color":"","overlay-opacity":"","overlay-gradient":""},"mobile":{"background-color":"","background-image":"","background-repeat":"repeat","background-position":"center center","background-size":"auto","background-attachment":"scroll","background-type":"","background-media":"","overlay-type":"","overlay-color":"","overlay-opacity":"","overlay-gradient":""}},"ast-content-background-meta":{"desktop":{"background-color":"var(--ast-global-color-5)","background-image":"","background-repeat":"repeat","background-position":"center center","background-size":"auto","background-attachment":"scroll","background-type":"","background-media":"","overlay-type":"","overlay-color":"","overlay-opacity":"","overlay-gradient":""},"tablet":{"background-color":"var(--ast-global-color-5)","background-image":"","background-repeat":"repeat","background-position":"center center","background-size":"auto","background-attachment":"scroll","background-type":"","background-media":"","overlay-type":"","overlay-color":"","overlay-opacity":"","overlay-gradient":""},"mobile":{"background-color":"var(--ast-global-color-5)","background-image":"","background-repeat":"repeat","background-position":"center center","background-size":"auto","background-attachment":"scroll","background-type":"","background-media":"","overlay-type":"","overlay-color":"","overlay-opacity":"","overlay-gradient":""}},"footnotes":""},"class_list":["post-562","page","type-page","status-publish","hentry"],"acf":[],"_links":{"self":[{"href":"https:\/\/www.umr-lisah.fr\/fr\/wp-json\/wp\/v2\/pages\/562","targetHints":{"allow":["GET"]}}],"collection":[{"href":"https:\/\/www.umr-lisah.fr\/fr\/wp-json\/wp\/v2\/pages"}],"about":[{"href":"https:\/\/www.umr-lisah.fr\/fr\/wp-json\/wp\/v2\/types\/page"}],"author":[{"embeddable":true,"href":"https:\/\/www.umr-lisah.fr\/fr\/wp-json\/wp\/v2\/users\/1"}],"replies":[{"embeddable":true,"href":"https:\/\/www.umr-lisah.fr\/fr\/wp-json\/wp\/v2\/comments?post=562"}],"version-history":[{"count":3,"href":"https:\/\/www.umr-lisah.fr\/fr\/wp-json\/wp\/v2\/pages\/562\/revisions"}],"predecessor-version":[{"id":2179,"href":"https:\/\/www.umr-lisah.fr\/fr\/wp-json\/wp\/v2\/pages\/562\/revisions\/2179"}],"wp:attachment":[{"href":"https:\/\/www.umr-lisah.fr\/fr\/wp-json\/wp\/v2\/media?parent=562"}],"curies":[{"name":"wp","href":"https:\/\/api.w.org\/{rel}","templated":true}]}}