{"id":564,"date":"2023-05-23T09:53:24","date_gmt":"2023-05-23T07:53:24","guid":{"rendered":"https:\/\/lisah-sidev.supagro.inra.fr\/lisah\/?page_id=564"},"modified":"2024-09-26T09:18:56","modified_gmt":"2024-09-26T07:18:56","slug":"logiciels-modeles","status":"publish","type":"page","link":"https:\/\/www.umr-lisah.fr\/fr\/logiciels-modeles\/","title":{"rendered":"Logiciels &amp; mod\u00e8les"},"content":{"rendered":"\t\t<div data-elementor-type=\"wp-page\" data-elementor-id=\"564\" class=\"elementor elementor-564\" data-elementor-post-type=\"page\">\n\t\t\t\t\t\t<section class=\"elementor-section elementor-top-section elementor-element elementor-element-3bab3bb elementor-section-boxed elementor-section-height-default elementor-section-height-default\" data-id=\"3bab3bb\" data-element_type=\"section\" data-e-type=\"section\">\n\t\t\t\t\t\t<div class=\"elementor-container elementor-column-gap-default\">\n\t\t\t\t\t<div class=\"elementor-column elementor-col-100 elementor-top-column elementor-element elementor-element-7f6aa82\" data-id=\"7f6aa82\" data-element_type=\"column\" data-e-type=\"column\">\n\t\t\t<div class=\"elementor-widget-wrap elementor-element-populated\">\n\t\t\t\t\t\t<div class=\"elementor-element elementor-element-2fb5517 underlined elementor-widget elementor-widget-heading\" data-id=\"2fb5517\" data-element_type=\"widget\" data-e-type=\"widget\" data-widget_type=\"heading.default\">\n\t\t\t\t<div class=\"elementor-widget-container\">\n\t\t\t\t\t<h1 class=\"elementor-heading-title elementor-size-default\">Logiciels &amp; mod\u00e8les<\/h1>\t\t\t\t<\/div>\n\t\t\t\t<\/div>\n\t\t\t\t<div class=\"elementor-element elementor-element-4db11d4 elementor-widget elementor-widget-text-editor\" data-id=\"4db11d4\" data-element_type=\"widget\" data-e-type=\"widget\" data-widget_type=\"text-editor.default\">\n\t\t\t\t<div class=\"elementor-widget-container\">\n\t\t\t\t\t\t\t\t\t<ul><li><h2>Plateforme logicielle de mod\u00e9lisation et simulation dans les paysages<\/h2><p><a href=\"http:\/\/www.openfluid-project.org\/\" target=\"_blank\" rel=\"noopener\"><img decoding=\"async\" style=\"width: 150px;height: 65px\" src=\"https:\/\/www.openfluid-project.org\/resources\/graphics\/openfluid_official.svg\" alt=\"logo OpenFLUID\" \/><\/a>\u00a0 <em><strong>OpenFLUID<\/strong><\/em> est une plateforme logicielle d\u00e9di\u00e9e \u00e0 la mod\u00e9lisation spatialis\u00e9e dans les paysages.<\/p><\/li><\/ul><div>\u00a0<\/div><ul><li><div><h2>Mod\u00e8le hydrologique MHYDAS<\/h2><p><a href=\"https:\/\/community.openfluid-project.org\/models\/mhydas\/\" target=\"_blank\" rel=\"noopener\"><img decoding=\"async\" style=\"width: 144px;height: 40px\" src=\"http:\/\/web.archive.org\/web\/20220308113414im_\/http:\/\/www.umr-lisah.fr\/D7umrlisah\/sites\/default\/files\/logoMhydasLisah.png\" alt=\"\" \/><\/a>\u00a0 <strong>Le mod\u00e8le MHYDAS<\/strong> (Moussa et al., 2002, Hydrol. Process. 16), d\u00e9velopp\u00e9 par le LISAH depuis une vingtaine d&rsquo;ann\u00e9es, permet la <strong>simulation des bilans hydrologiques, des contaminations et transport de polluants ainsi que du transport \u00e9rosif dans les bassins versants anthropis\u00e9s<\/strong>.<\/p><\/div><\/li><\/ul>\t\t\t\t\t\t\t\t<\/div>\n\t\t\t\t<\/div>\n\t\t\t\t\t<\/div>\n\t\t<\/div>\n\t\t\t\t\t<\/div>\n\t\t<\/section>\n\t\t\t\t<\/div>\n\t\t","protected":false},"excerpt":{"rendered":"<p>Logiciels &amp; mod\u00e8les Plateforme logicielle de mod\u00e9lisation et simulation dans les paysages \u00a0 OpenFLUID est une plateforme logicielle d\u00e9di\u00e9e \u00e0 la mod\u00e9lisation spatialis\u00e9e dans les paysages. \u00a0 Mod\u00e8le hydrologique MHYDAS \u00a0 Le mod\u00e8le MHYDAS (Moussa et al., 2002, Hydrol. Process. 16), d\u00e9velopp\u00e9 par le LISAH depuis une vingtaine d&rsquo;ann\u00e9es, permet la simulation des bilans hydrologiques, [&hellip;]<\/p>\n","protected":false},"author":13,"featured_media":0,"parent":0,"menu_order":0,"comment_status":"closed","ping_status":"closed","template":"","meta":{"_acf_changed":false,"site-sidebar-layout":"no-sidebar","site-content-layout":"page-builder","ast-site-content-layout":"default","site-content-style":"default","site-sidebar-style":"default","ast-global-header-display":"","ast-banner-title-visibility":"","ast-main-header-display":"","ast-hfb-above-header-display":"","ast-hfb-below-header-display":"","ast-hfb-mobile-header-display":"","site-post-title":"disabled","ast-breadcrumbs-content":"","ast-featured-img":"disabled","footer-sml-layout":"","ast-disable-related-posts":"","theme-transparent-header-meta":"","adv-header-id-meta":"","stick-header-meta":"","header-above-stick-meta":"","header-main-stick-meta":"","header-below-stick-meta":"","astra-migrate-meta-layouts":"default","ast-page-background-enabled":"default","ast-page-background-meta":{"desktop":{"background-color":"","background-image":"","background-repeat":"repeat","background-position":"center center","background-size":"auto","background-attachment":"scroll","background-type":"","background-media":"","overlay-type":"","overlay-color":"","overlay-opacity":"","overlay-gradient":""},"tablet":{"background-color":"","background-image":"","background-repeat":"repeat","background-position":"center center","background-size":"auto","background-attachment":"scroll","background-type":"","background-media":"","overlay-type":"","overlay-color":"","overlay-opacity":"","overlay-gradient":""},"mobile":{"background-color":"","background-image":"","background-repeat":"repeat","background-position":"center center","background-size":"auto","background-attachment":"scroll","background-type":"","background-media":"","overlay-type":"","overlay-color":"","overlay-opacity":"","overlay-gradient":""}},"ast-content-background-meta":{"desktop":{"background-color":"var(--ast-global-color-5)","background-image":"","background-repeat":"repeat","background-position":"center center","background-size":"auto","background-attachment":"scroll","background-type":"","background-media":"","overlay-type":"","overlay-color":"","overlay-opacity":"","overlay-gradient":""},"tablet":{"background-color":"var(--ast-global-color-5)","background-image":"","background-repeat":"repeat","background-position":"center center","background-size":"auto","background-attachment":"scroll","background-type":"","background-media":"","overlay-type":"","overlay-color":"","overlay-opacity":"","overlay-gradient":""},"mobile":{"background-color":"var(--ast-global-color-5)","background-image":"","background-repeat":"repeat","background-position":"center center","background-size":"auto","background-attachment":"scroll","background-type":"","background-media":"","overlay-type":"","overlay-color":"","overlay-opacity":"","overlay-gradient":""}},"footnotes":""},"class_list":["post-564","page","type-page","status-publish","hentry"],"acf":[],"_links":{"self":[{"href":"https:\/\/www.umr-lisah.fr\/fr\/wp-json\/wp\/v2\/pages\/564","targetHints":{"allow":["GET"]}}],"collection":[{"href":"https:\/\/www.umr-lisah.fr\/fr\/wp-json\/wp\/v2\/pages"}],"about":[{"href":"https:\/\/www.umr-lisah.fr\/fr\/wp-json\/wp\/v2\/types\/page"}],"author":[{"embeddable":true,"href":"https:\/\/www.umr-lisah.fr\/fr\/wp-json\/wp\/v2\/users\/13"}],"replies":[{"embeddable":true,"href":"https:\/\/www.umr-lisah.fr\/fr\/wp-json\/wp\/v2\/comments?post=564"}],"version-history":[{"count":22,"href":"https:\/\/www.umr-lisah.fr\/fr\/wp-json\/wp\/v2\/pages\/564\/revisions"}],"predecessor-version":[{"id":2527,"href":"https:\/\/www.umr-lisah.fr\/fr\/wp-json\/wp\/v2\/pages\/564\/revisions\/2527"}],"wp:attachment":[{"href":"https:\/\/www.umr-lisah.fr\/fr\/wp-json\/wp\/v2\/media?parent=564"}],"curies":[{"name":"wp","href":"https:\/\/api.w.org\/{rel}","templated":true}]}}