{"id":565,"date":"2023-05-23T09:53:24","date_gmt":"2023-05-23T07:53:24","guid":{"rendered":"https:\/\/lisah-sidev.supagro.inra.fr\/lisah\/?page_id=565"},"modified":"2023-10-02T12:06:57","modified_gmt":"2023-10-02T10:06:57","slug":"infrastructures-de-donnees","status":"publish","type":"page","link":"https:\/\/www.umr-lisah.fr\/fr\/infrastructures-de-donnees\/","title":{"rendered":"Infrastructures de donn\u00e9es"},"content":{"rendered":"\t\t<div data-elementor-type=\"wp-page\" data-elementor-id=\"565\" class=\"elementor elementor-565\" data-elementor-post-type=\"page\">\n\t\t\t\t\t\t<section class=\"elementor-section elementor-top-section elementor-element elementor-element-a472d70 elementor-section-boxed elementor-section-height-default elementor-section-height-default\" data-id=\"a472d70\" data-element_type=\"section\" data-e-type=\"section\">\n\t\t\t\t\t\t<div class=\"elementor-container elementor-column-gap-default\">\n\t\t\t\t\t<div class=\"elementor-column elementor-col-100 elementor-top-column elementor-element elementor-element-139d1d5\" data-id=\"139d1d5\" data-element_type=\"column\" data-e-type=\"column\">\n\t\t\t<div class=\"elementor-widget-wrap elementor-element-populated\">\n\t\t\t\t\t\t<div class=\"elementor-element elementor-element-9cf4047 underlined elementor-widget elementor-widget-heading\" data-id=\"9cf4047\" data-element_type=\"widget\" data-e-type=\"widget\" data-widget_type=\"heading.default\">\n\t\t\t\t<div class=\"elementor-widget-container\">\n\t\t\t\t\t<h1 class=\"elementor-heading-title elementor-size-default\">Infrastructures de donn\u00e9es d'Observation<\/h1>\t\t\t\t<\/div>\n\t\t\t\t<\/div>\n\t\t\t\t<div class=\"elementor-element elementor-element-f4c8bf5 elementor-widget elementor-widget-text-editor\" data-id=\"f4c8bf5\" data-element_type=\"widget\" data-e-type=\"widget\" data-widget_type=\"text-editor.default\">\n\t\t\t\t<div class=\"elementor-widget-container\">\n\t\t\t\t\t\t\t\t\t<p>Le LISAH produit des donn\u00e9es d&rsquo;observation long terme, pour la plupart acquises sur des bassins versants cultiv\u00e9s. Le LISAH contribue notamment \u00e0 l&rsquo;alimentation en donn\u00e9es de l&rsquo;Observatoire&nbsp;<a href=\"https:\/\/www.obs-omere.org\" target=\"_blank\" rel=\"noopener\">OMERE<\/a> depuis sa labelisation en 2002, \u00e0 travers l&rsquo;acquisition multi variable de donn\u00e9es agro-environnementales et donn\u00e9es \u00e0 caract\u00e8re g\u00e9ographiques, sur des sites tels que le bassin versant de Roujan (France &#8211; H\u00e9rault) et de Kamech (Tunisie &#8211; Cap Bon) et ce depuis plus de 30 ans.<\/p>\n<p>C&rsquo;est en particulier \u00e0 travers l&rsquo;Observatoire OMERE que le LISAH a, depuis plus 20 ans investi, dans la conception d&rsquo;outil de gestion des donn\u00e9es acquises, en particulier \u00e0 travers la base de donn\u00e9es agro-environnementales HYSAE, d\u00e9velopp\u00e9e en interne. Au fil du temps, le syst\u00e8me a \u00e9volu\u00e9 vers une infrastructure de donn\u00e9es couplant HYSAE et une Infrastructure de Donn\u00e9es Spatiales (IDS) bas\u00e9e sur la solution geOrchestra.&nbsp; Cette infrastructure \u00e9volue r\u00e9guli\u00e8rement pour r\u00e9pondre aux exigences de la FAIRisation des donn\u00e9es (catalogage, pr\u00e9servation, diffusion, interoperabilit\u00e9 avec des infrastructure de donn\u00e9es tierces,&#8230;)<br><\/p><div><h5><a href=\"https:\/\/data.umr-lisah.fr\" target=\"_blank\">https:\/\/data.umr-lisah.fr<\/a><\/h5><\/div>\t\t\t\t\t\t\t\t<\/div>\n\t\t\t\t<\/div>\n\t\t\t\t\t<\/div>\n\t\t<\/div>\n\t\t\t\t\t<\/div>\n\t\t<\/section>\n\t\t\t\t<section class=\"elementor-section elementor-top-section elementor-element elementor-element-68f3375 elementor-section-boxed elementor-section-height-default elementor-section-height-default\" data-id=\"68f3375\" data-element_type=\"section\" data-e-type=\"section\">\n\t\t\t\t\t\t<div class=\"elementor-container elementor-column-gap-default\">\n\t\t\t\t\t<div class=\"elementor-column elementor-col-100 elementor-top-column elementor-element elementor-element-06ee95e\" data-id=\"06ee95e\" data-element_type=\"column\" data-e-type=\"column\">\n\t\t\t<div class=\"elementor-widget-wrap elementor-element-populated\">\n\t\t\t\t\t\t<div class=\"elementor-element elementor-element-34a7e88 elementor-widget elementor-widget-image\" data-id=\"34a7e88\" data-element_type=\"widget\" data-e-type=\"widget\" data-widget_type=\"image.default\">\n\t\t\t\t<div class=\"elementor-widget-container\">\n\t\t\t\t\t\t\t\t\t\t\t\t\t\t\t<img fetchpriority=\"high\" decoding=\"async\" width=\"814\" height=\"558\" src=\"https:\/\/www.umr-lisah.fr\/wp-content\/uploads\/2023\/07\/Infra_Data_LISAH.png\" class=\"attachment-large size-large wp-image-1931\" alt=\"\" srcset=\"https:\/\/www.umr-lisah.fr\/wp-content\/uploads\/2023\/07\/Infra_Data_LISAH.png 814w, https:\/\/www.umr-lisah.fr\/wp-content\/uploads\/2023\/07\/Infra_Data_LISAH-300x206.png 300w, https:\/\/www.umr-lisah.fr\/wp-content\/uploads\/2023\/07\/Infra_Data_LISAH-768x526.png 768w\" sizes=\"(max-width: 814px) 100vw, 814px\" \/>\t\t\t\t\t\t\t\t\t\t\t\t\t\t\t<\/div>\n\t\t\t\t<\/div>\n\t\t\t\t\t<\/div>\n\t\t<\/div>\n\t\t\t\t\t<\/div>\n\t\t<\/section>\n\t\t\t\t<\/div>\n\t\t","protected":false},"excerpt":{"rendered":"<p>Infrastructures de donn\u00e9es d&rsquo;Observation Le LISAH produit des donn\u00e9es d&rsquo;observation long terme, pour la plupart acquises sur des bassins versants cultiv\u00e9s. Le LISAH contribue notamment \u00e0 l&rsquo;alimentation en donn\u00e9es de l&rsquo;Observatoire&nbsp;OMERE depuis sa labelisation en 2002, \u00e0 travers l&rsquo;acquisition multi variable de donn\u00e9es agro-environnementales et donn\u00e9es \u00e0 caract\u00e8re g\u00e9ographiques, sur des sites tels que le [&hellip;]<\/p>\n","protected":false},"author":3,"featured_media":0,"parent":0,"menu_order":0,"comment_status":"closed","ping_status":"closed","template":"","meta":{"_acf_changed":false,"site-sidebar-layout":"no-sidebar","site-content-layout":"page-builder","ast-site-content-layout":"default","site-content-style":"default","site-sidebar-style":"default","ast-global-header-display":"","ast-banner-title-visibility":"","ast-main-header-display":"","ast-hfb-above-header-display":"","ast-hfb-below-header-display":"","ast-hfb-mobile-header-display":"","site-post-title":"disabled","ast-breadcrumbs-content":"","ast-featured-img":"disabled","footer-sml-layout":"","ast-disable-related-posts":"","theme-transparent-header-meta":"","adv-header-id-meta":"","stick-header-meta":"","header-above-stick-meta":"","header-main-stick-meta":"","header-below-stick-meta":"","astra-migrate-meta-layouts":"default","ast-page-background-enabled":"default","ast-page-background-meta":{"desktop":{"background-color":"","background-image":"","background-repeat":"repeat","background-position":"center center","background-size":"auto","background-attachment":"scroll","background-type":"","background-media":"","overlay-type":"","overlay-color":"","overlay-opacity":"","overlay-gradient":""},"tablet":{"background-color":"","background-image":"","background-repeat":"repeat","background-position":"center center","background-size":"auto","background-attachment":"scroll","background-type":"","background-media":"","overlay-type":"","overlay-color":"","overlay-opacity":"","overlay-gradient":""},"mobile":{"background-color":"","background-image":"","background-repeat":"repeat","background-position":"center center","background-size":"auto","background-attachment":"scroll","background-type":"","background-media":"","overlay-type":"","overlay-color":"","overlay-opacity":"","overlay-gradient":""}},"ast-content-background-meta":{"desktop":{"background-color":"var(--ast-global-color-5)","background-image":"","background-repeat":"repeat","background-position":"center center","background-size":"auto","background-attachment":"scroll","background-type":"","background-media":"","overlay-type":"","overlay-color":"","overlay-opacity":"","overlay-gradient":""},"tablet":{"background-color":"var(--ast-global-color-5)","background-image":"","background-repeat":"repeat","background-position":"center center","background-size":"auto","background-attachment":"scroll","background-type":"","background-media":"","overlay-type":"","overlay-color":"","overlay-opacity":"","overlay-gradient":""},"mobile":{"background-color":"var(--ast-global-color-5)","background-image":"","background-repeat":"repeat","background-position":"center center","background-size":"auto","background-attachment":"scroll","background-type":"","background-media":"","overlay-type":"","overlay-color":"","overlay-opacity":"","overlay-gradient":""}},"footnotes":""},"class_list":["post-565","page","type-page","status-publish","hentry"],"acf":[],"_links":{"self":[{"href":"https:\/\/www.umr-lisah.fr\/fr\/wp-json\/wp\/v2\/pages\/565","targetHints":{"allow":["GET"]}}],"collection":[{"href":"https:\/\/www.umr-lisah.fr\/fr\/wp-json\/wp\/v2\/pages"}],"about":[{"href":"https:\/\/www.umr-lisah.fr\/fr\/wp-json\/wp\/v2\/types\/page"}],"author":[{"embeddable":true,"href":"https:\/\/www.umr-lisah.fr\/fr\/wp-json\/wp\/v2\/users\/3"}],"replies":[{"embeddable":true,"href":"https:\/\/www.umr-lisah.fr\/fr\/wp-json\/wp\/v2\/comments?post=565"}],"version-history":[{"count":1,"href":"https:\/\/www.umr-lisah.fr\/fr\/wp-json\/wp\/v2\/pages\/565\/revisions"}],"predecessor-version":[{"id":2137,"href":"https:\/\/www.umr-lisah.fr\/fr\/wp-json\/wp\/v2\/pages\/565\/revisions\/2137"}],"wp:attachment":[{"href":"https:\/\/www.umr-lisah.fr\/fr\/wp-json\/wp\/v2\/media?parent=565"}],"curies":[{"name":"wp","href":"https:\/\/api.w.org\/{rel}","templated":true}]}}