{"id":769,"date":"2023-05-26T14:55:28","date_gmt":"2023-05-26T12:55:28","guid":{"rendered":"https:\/\/lisah-sidev.supagro.inra.fr\/lisah\/?page_id=769"},"modified":"2023-10-02T12:08:12","modified_gmt":"2023-10-02T10:08:12","slug":"pole-gestion-administrative","status":"publish","type":"page","link":"https:\/\/www.umr-lisah.fr\/fr\/pole-gestion-administrative\/","title":{"rendered":"P\u00f4le Gestion administrative"},"content":{"rendered":"\t\t<div data-elementor-type=\"wp-page\" data-elementor-id=\"769\" class=\"elementor elementor-769\" data-elementor-post-type=\"page\">\n\t\t\t\t\t\t<section class=\"elementor-section elementor-top-section elementor-element elementor-element-2cbb33b elementor-section-boxed elementor-section-height-default elementor-section-height-default\" data-id=\"2cbb33b\" data-element_type=\"section\" data-e-type=\"section\">\n\t\t\t\t\t\t<div class=\"elementor-container elementor-column-gap-default\">\n\t\t\t\t\t<div class=\"elementor-column elementor-col-100 elementor-top-column elementor-element elementor-element-1add4fb\" data-id=\"1add4fb\" data-element_type=\"column\" data-e-type=\"column\">\n\t\t\t<div class=\"elementor-widget-wrap elementor-element-populated\">\n\t\t\t\t\t\t<div class=\"elementor-element elementor-element-791d644 underlined elementor-widget elementor-widget-heading\" data-id=\"791d644\" data-element_type=\"widget\" data-e-type=\"widget\" data-widget_type=\"heading.default\">\n\t\t\t\t<div class=\"elementor-widget-container\">\n\t\t\t\t\t<h1 class=\"elementor-heading-title elementor-size-default\">P\u00f4le gestion administrative<\/h1>\t\t\t\t<\/div>\n\t\t\t\t<\/div>\n\t\t\t\t<div class=\"elementor-element elementor-element-842d063 elementor-widget elementor-widget-text-editor\" data-id=\"842d063\" data-element_type=\"widget\" data-e-type=\"widget\" data-widget_type=\"text-editor.default\">\n\t\t\t\t<div class=\"elementor-widget-container\">\n\t\t\t\t\t\t\t\t\t<p><strong>Le p\u00f4le administratif a comme principales missions la gestion administrative du personnel, du budget et des missions.<\/strong><\/p>\n<p><span style=\"font-style: inherit; font-weight: inherit; color: var( --e-global-color-text ); background-color: var(--ast-global-color-4);\">Le p\u00f4le administratif est plac\u00e9 directement sous la responsabilit\u00e9 de la direction de l&rsquo;UMR.<\/span><\/p>\n<ul>\n<li>En mati\u00e8re de <strong>gestion du personnel<\/strong>, les activit\u00e9s principales du p\u00f4le comprennent l&rsquo;accueil du personnel, la gestion du temps de travail (cong\u00e9s, absences), le recrutement (personnels permanents et contractuels, stagiaires, doctorants, &#8230;).<\/li>\n<li>La <strong>gestion du budget<\/strong> consiste \u00e0 construire le budget pr\u00e9visionnel du laboratoire en accord avec la direction, et en assurer l&rsquo;ex\u00e9cution. La gestion du budget s&rsquo;appuie sur une comptabilit\u00e9 analytique dont le p\u00f4le a la charge.<\/li>\n<li>La <strong>gestion des missions<\/strong> (IRD ou INRAE) consiste \u00e0 accompagner les agents de l&rsquo;unit\u00e9 dans l&rsquo;organisation des missions, \u00e0 valider les feuilles de route de ces missions et \u00e0 g\u00e9rer les remboursements des frais de mission.<\/li>\n<\/ul>\n<p>Le p\u00f4le travaille en \u00e9troite <strong>collaboration<\/strong> avec les services administratifs de nos tutelles, services r\u00e9gionaux (SDAR du centre INRAE de Montpellier, services administratifs du centre France-Sud de l&rsquo;IRD, services adminitratifs de Montpellier Supagro) et \u00e9galement services nationaux de nos d\u00e9partements de recherche et de nos directions g\u00e9n\u00e9rales<\/p>\n<p>Le p\u00f4le utilise les plateformes informatiques de nos trois tutelles (S2I pour l&rsquo;INRAE, Sorgho pour l&rsquo;IRD, et S2I pour SupAgro). Il utilise par ailleurs des logiciels propres \u00e0 chaque activit\u00e9 (Xlab pour la compatbilit\u00e9 analytique par exemple).<\/p><p>Membre du p\u00f4le : <a href=\"https:\/\/dev.umr-lisah.fr\/annuaire\/?members_search=P%C3%B4le+gestion+administrative\" target=\"_blank\">https:\/\/dev.umr-lisah.fr\/annuaire\/?members_search=P%C3%B4le+gestion+administrative<\/a><\/p>\t\t\t\t\t\t\t\t<\/div>\n\t\t\t\t<\/div>\n\t\t\t\t\t<\/div>\n\t\t<\/div>\n\t\t\t\t\t<\/div>\n\t\t<\/section>\n\t\t\t\t<\/div>\n\t\t","protected":false},"excerpt":{"rendered":"<p>P\u00f4le gestion administrative Le p\u00f4le administratif a comme principales missions la gestion administrative du personnel, du budget et des missions. Le p\u00f4le administratif est plac\u00e9 directement sous la responsabilit\u00e9 de la direction de l&rsquo;UMR. En mati\u00e8re de gestion du personnel, les activit\u00e9s principales du p\u00f4le comprennent l&rsquo;accueil du personnel, la gestion du temps de travail [&hellip;]<\/p>\n","protected":false},"author":39,"featured_media":0,"parent":0,"menu_order":0,"comment_status":"closed","ping_status":"closed","template":"","meta":{"_acf_changed":false,"site-sidebar-layout":"no-sidebar","site-content-layout":"page-builder","ast-site-content-layout":"default","site-content-style":"default","site-sidebar-style":"default","ast-global-header-display":"","ast-banner-title-visibility":"","ast-main-header-display":"","ast-hfb-above-header-display":"","ast-hfb-below-header-display":"","ast-hfb-mobile-header-display":"","site-post-title":"disabled","ast-breadcrumbs-content":"","ast-featured-img":"disabled","footer-sml-layout":"","ast-disable-related-posts":"","theme-transparent-header-meta":"","adv-header-id-meta":"","stick-header-meta":"","header-above-stick-meta":"","header-main-stick-meta":"","header-below-stick-meta":"","astra-migrate-meta-layouts":"default","ast-page-background-enabled":"default","ast-page-background-meta":{"desktop":{"background-color":"","background-image":"","background-repeat":"repeat","background-position":"center center","background-size":"auto","background-attachment":"scroll","background-type":"","background-media":"","overlay-type":"","overlay-color":"","overlay-opacity":"","overlay-gradient":""},"tablet":{"background-color":"","background-image":"","background-repeat":"repeat","background-position":"center center","background-size":"auto","background-attachment":"scroll","background-type":"","background-media":"","overlay-type":"","overlay-color":"","overlay-opacity":"","overlay-gradient":""},"mobile":{"background-color":"","background-image":"","background-repeat":"repeat","background-position":"center center","background-size":"auto","background-attachment":"scroll","background-type":"","background-media":"","overlay-type":"","overlay-color":"","overlay-opacity":"","overlay-gradient":""}},"ast-content-background-meta":{"desktop":{"background-color":"var(--ast-global-color-5)","background-image":"","background-repeat":"repeat","background-position":"center center","background-size":"auto","background-attachment":"scroll","background-type":"","background-media":"","overlay-type":"","overlay-color":"","overlay-opacity":"","overlay-gradient":""},"tablet":{"background-color":"var(--ast-global-color-5)","background-image":"","background-repeat":"repeat","background-position":"center center","background-size":"auto","background-attachment":"scroll","background-type":"","background-media":"","overlay-type":"","overlay-color":"","overlay-opacity":"","overlay-gradient":""},"mobile":{"background-color":"var(--ast-global-color-5)","background-image":"","background-repeat":"repeat","background-position":"center center","background-size":"auto","background-attachment":"scroll","background-type":"","background-media":"","overlay-type":"","overlay-color":"","overlay-opacity":"","overlay-gradient":""}},"footnotes":""},"class_list":["post-769","page","type-page","status-publish","hentry"],"acf":[],"_links":{"self":[{"href":"https:\/\/www.umr-lisah.fr\/fr\/wp-json\/wp\/v2\/pages\/769","targetHints":{"allow":["GET"]}}],"collection":[{"href":"https:\/\/www.umr-lisah.fr\/fr\/wp-json\/wp\/v2\/pages"}],"about":[{"href":"https:\/\/www.umr-lisah.fr\/fr\/wp-json\/wp\/v2\/types\/page"}],"author":[{"embeddable":true,"href":"https:\/\/www.umr-lisah.fr\/fr\/wp-json\/wp\/v2\/users\/39"}],"replies":[{"embeddable":true,"href":"https:\/\/www.umr-lisah.fr\/fr\/wp-json\/wp\/v2\/comments?post=769"}],"version-history":[{"count":3,"href":"https:\/\/www.umr-lisah.fr\/fr\/wp-json\/wp\/v2\/pages\/769\/revisions"}],"predecessor-version":[{"id":2076,"href":"https:\/\/www.umr-lisah.fr\/fr\/wp-json\/wp\/v2\/pages\/769\/revisions\/2076"}],"wp:attachment":[{"href":"https:\/\/www.umr-lisah.fr\/fr\/wp-json\/wp\/v2\/media?parent=769"}],"curies":[{"name":"wp","href":"https:\/\/api.w.org\/{rel}","templated":true}]}}