{"id":770,"date":"2023-05-26T14:55:28","date_gmt":"2023-05-26T12:55:28","guid":{"rendered":"https:\/\/lisah-sidev.supagro.inra.fr\/lisah\/?page_id=770"},"modified":"2025-02-18T14:11:51","modified_gmt":"2025-02-18T13:11:51","slug":"pole-systeme-dinformation","status":"publish","type":"page","link":"https:\/\/www.umr-lisah.fr\/fr\/pole-systeme-dinformation\/","title":{"rendered":"P\u00f4le Syst\u00e8me d&rsquo;information"},"content":{"rendered":"\t\t<div data-elementor-type=\"wp-page\" data-elementor-id=\"770\" class=\"elementor elementor-770\" data-elementor-post-type=\"page\">\n\t\t\t\t\t\t<section class=\"elementor-section elementor-top-section elementor-element elementor-element-00e9aa3 elementor-section-boxed elementor-section-height-default elementor-section-height-default\" data-id=\"00e9aa3\" data-element_type=\"section\" data-e-type=\"section\">\n\t\t\t\t\t\t<div class=\"elementor-container elementor-column-gap-default\">\n\t\t\t\t\t<div class=\"elementor-column elementor-col-100 elementor-top-column elementor-element elementor-element-6376e32\" data-id=\"6376e32\" data-element_type=\"column\" data-e-type=\"column\">\n\t\t\t<div class=\"elementor-widget-wrap elementor-element-populated\">\n\t\t\t\t\t\t<div class=\"elementor-element elementor-element-cdc2646 underlined elementor-widget elementor-widget-heading\" data-id=\"cdc2646\" data-element_type=\"widget\" data-e-type=\"widget\" data-widget_type=\"heading.default\">\n\t\t\t\t<div class=\"elementor-widget-container\">\n\t\t\t\t\t<h1 class=\"elementor-heading-title elementor-size-default\">P\u00f4le Syst\u00e8me d'Information<\/h1>\t\t\t\t<\/div>\n\t\t\t\t<\/div>\n\t\t\t\t<div class=\"elementor-element elementor-element-b98484d elementor-widget elementor-widget-text-editor\" data-id=\"b98484d\" data-element_type=\"widget\" data-e-type=\"widget\" data-widget_type=\"text-editor.default\">\n\t\t\t\t<div class=\"elementor-widget-container\">\n\t\t\t\t\t\t\t\t\t<p><strong>Le p\u00f4le Syst\u00e8me d&rsquo;Information du LISAH (p\u00f4le SI)<\/strong> regroupe les agents dont le m\u00e9tier est centr\u00e9 sur la gestion et la diffusion des donn\u00e9es.&nbsp;<\/p>\n<p>Nos comp\u00e9tences portent sur le<strong> d\u00e9veloppement web, la conception de bases de donn\u00e9es, l&rsquo;administration syst\u00e8me, la gestion des donn\u00e9es recherches ainsi que l&rsquo;administration de parc informatique.<\/strong> <\/p>\n<div>Nous mettons ainsi \u00e0 disposition un syst\u00e8me d&rsquo;information global, compos\u00e9 de diverses briques logicielles et de services permettant de g\u00e9rer, partager, p\u00e9renniser l&rsquo;int\u00e9gralit\u00e9 des donn\u00e9es produites, partag\u00e9es, utilis\u00e9es au LISAH. <\/div>\t\t\t\t\t\t\t\t<\/div>\n\t\t\t\t<\/div>\n\t\t\t\t<div class=\"elementor-element elementor-element-2e770a8 elementor-widget elementor-widget-heading\" data-id=\"2e770a8\" data-element_type=\"widget\" data-e-type=\"widget\" data-widget_type=\"heading.default\">\n\t\t\t\t<div class=\"elementor-widget-container\">\n\t\t\t\t\t<h5 class=\"elementor-heading-title elementor-size-default\">Un peu plus en d\u00e9tail nous r\u00e9alisons...<\/h5>\t\t\t\t<\/div>\n\t\t\t\t<\/div>\n\t\t\t\t<div class=\"elementor-element elementor-element-51e02c6 elementor-widget elementor-widget-text-editor\" data-id=\"51e02c6\" data-element_type=\"widget\" data-e-type=\"widget\" data-widget_type=\"text-editor.default\">\n\t\t\t\t<div class=\"elementor-widget-container\">\n\t\t\t\t\t\t\t\t\t<ul><li>le d\u00e9veloppement d&rsquo;une application web de gestion de donn\u00e9es d&rsquo;observations relev\u00e9es sur nos sites d&rsquo;\u00e9tudes et d&rsquo;exp\u00e9rimentations :\u00a0 <a href=\"https:\/\/data.umr-lisah.fr\/hysae\" target=\"_blank\" rel=\"noopener\">HYSAE<\/a><\/li><li>Le d\u00e9ploiement, l&rsquo;administration et l&rsquo;alimentation d&rsquo;une <u><b>infrastructure de donn\u00e9es spatiales<\/b><\/u> (IDS), pour la gestion, la caract\u00e9risation et la diffusion des donn\u00e9es \u00e0 caract\u00e8re g\u00e9ographique, se basant sur la solution\u00a0<a href=\"http:\/\/georchestra.org\" target=\"_blank\" rel=\"noopener\">geOrchestra<\/a> : <a href=\"http:\/\/data.umr-lisah.fr\" target=\"_blank\" rel=\"noopener\">GEODATA<\/a><\/li><li>La gestion techniques des sites web port\u00e9s par l&rsquo;unit\u00e9 (site du LISAH, de l&rsquo;observatoire OMERE et des projets scientifiques port\u00e9s par l&rsquo;unit\u00e9).<\/li><li>Le d\u00e9ploiement, l&rsquo;administration, voire le d\u00e9veloppement de diverses <u><b>applications web intranet<\/b><\/u> (Planning, GLPI, infoProjet, phototh\u00e8que,&#8230;)<\/li><li>La gestion de l&rsquo;<u><b>infrastructure mat\u00e9rielle informatique<\/b><\/u> du LISAH et des services associ\u00e9s (postes clients multi OS, assistance utilisateurs,\u00a0 serveurs, calculateurs,&#8230;).<\/li><li>Les conseils et l&rsquo;expertise technique dans le domaine de l&rsquo;informatique, fournis aux agents du LISAH et ses partenaires.<\/li><li>Les conseils et l&rsquo;expertise techniques sur les aspects gestion de donn\u00e9es de recherches, dans le cadre de la politique d&rsquo;OpenData et de FAIRIsation de nos donn\u00e9es.<\/li><\/ul><p><span style=\"text-decoration: underline;\">Renseignements et contact :<\/span> <strong>umr-lisah-pole-si@supagro.fr<\/strong><\/p><p><a href=\"https:\/\/dev.umr-lisah.fr\/annuaire\/?members_search=P%C3%B4le+syst%C3%A8me+d%26%23039%3Binformation\" target=\"_blank\" rel=\"noopener\">Annuaire des membres du P\u00f4le SI<\/a><\/p>\t\t\t\t\t\t\t\t<\/div>\n\t\t\t\t<\/div>\n\t\t\t\t\t<\/div>\n\t\t<\/div>\n\t\t\t\t\t<\/div>\n\t\t<\/section>\n\t\t\t\t<\/div>\n\t\t","protected":false},"excerpt":{"rendered":"<p>P\u00f4le Syst\u00e8me d&rsquo;Information Le p\u00f4le Syst\u00e8me d&rsquo;Information du LISAH (p\u00f4le SI) regroupe les agents dont le m\u00e9tier est centr\u00e9 sur la gestion et la diffusion des donn\u00e9es.&nbsp; Nos comp\u00e9tences portent sur le d\u00e9veloppement web, la conception de bases de donn\u00e9es, l&rsquo;administration syst\u00e8me, la gestion des donn\u00e9es recherches ainsi que l&rsquo;administration de parc informatique. Nous mettons [&hellip;]<\/p>\n","protected":false},"author":3,"featured_media":0,"parent":0,"menu_order":0,"comment_status":"closed","ping_status":"closed","template":"","meta":{"_acf_changed":false,"site-sidebar-layout":"no-sidebar","site-content-layout":"page-builder","ast-site-content-layout":"default","site-content-style":"default","site-sidebar-style":"default","ast-global-header-display":"","ast-banner-title-visibility":"","ast-main-header-display":"","ast-hfb-above-header-display":"","ast-hfb-below-header-display":"","ast-hfb-mobile-header-display":"","site-post-title":"disabled","ast-breadcrumbs-content":"","ast-featured-img":"disabled","footer-sml-layout":"","ast-disable-related-posts":"","theme-transparent-header-meta":"","adv-header-id-meta":"","stick-header-meta":"","header-above-stick-meta":"","header-main-stick-meta":"","header-below-stick-meta":"","astra-migrate-meta-layouts":"default","ast-page-background-enabled":"default","ast-page-background-meta":{"desktop":{"background-color":"","background-image":"","background-repeat":"repeat","background-position":"center center","background-size":"auto","background-attachment":"scroll","background-type":"","background-media":"","overlay-type":"","overlay-color":"","overlay-opacity":"","overlay-gradient":""},"tablet":{"background-color":"","background-image":"","background-repeat":"repeat","background-position":"center center","background-size":"auto","background-attachment":"scroll","background-type":"","background-media":"","overlay-type":"","overlay-color":"","overlay-opacity":"","overlay-gradient":""},"mobile":{"background-color":"","background-image":"","background-repeat":"repeat","background-position":"center center","background-size":"auto","background-attachment":"scroll","background-type":"","background-media":"","overlay-type":"","overlay-color":"","overlay-opacity":"","overlay-gradient":""}},"ast-content-background-meta":{"desktop":{"background-color":"var(--ast-global-color-5)","background-image":"","background-repeat":"repeat","background-position":"center center","background-size":"auto","background-attachment":"scroll","background-type":"","background-media":"","overlay-type":"","overlay-color":"","overlay-opacity":"","overlay-gradient":""},"tablet":{"background-color":"var(--ast-global-color-5)","background-image":"","background-repeat":"repeat","background-position":"center center","background-size":"auto","background-attachment":"scroll","background-type":"","background-media":"","overlay-type":"","overlay-color":"","overlay-opacity":"","overlay-gradient":""},"mobile":{"background-color":"var(--ast-global-color-5)","background-image":"","background-repeat":"repeat","background-position":"center center","background-size":"auto","background-attachment":"scroll","background-type":"","background-media":"","overlay-type":"","overlay-color":"","overlay-opacity":"","overlay-gradient":""}},"footnotes":""},"class_list":["post-770","page","type-page","status-publish","hentry"],"acf":[],"_links":{"self":[{"href":"https:\/\/www.umr-lisah.fr\/fr\/wp-json\/wp\/v2\/pages\/770","targetHints":{"allow":["GET"]}}],"collection":[{"href":"https:\/\/www.umr-lisah.fr\/fr\/wp-json\/wp\/v2\/pages"}],"about":[{"href":"https:\/\/www.umr-lisah.fr\/fr\/wp-json\/wp\/v2\/types\/page"}],"author":[{"embeddable":true,"href":"https:\/\/www.umr-lisah.fr\/fr\/wp-json\/wp\/v2\/users\/3"}],"replies":[{"embeddable":true,"href":"https:\/\/www.umr-lisah.fr\/fr\/wp-json\/wp\/v2\/comments?post=770"}],"version-history":[{"count":30,"href":"https:\/\/www.umr-lisah.fr\/fr\/wp-json\/wp\/v2\/pages\/770\/revisions"}],"predecessor-version":[{"id":2568,"href":"https:\/\/www.umr-lisah.fr\/fr\/wp-json\/wp\/v2\/pages\/770\/revisions\/2568"}],"wp:attachment":[{"href":"https:\/\/www.umr-lisah.fr\/fr\/wp-json\/wp\/v2\/media?parent=770"}],"curies":[{"name":"wp","href":"https:\/\/api.w.org\/{rel}","templated":true}]}}